{"id":116,"date":"2023-03-21T16:18:42","date_gmt":"2023-03-21T15:18:42","guid":{"rendered":"https:\/\/de.scientistrebellion.com\/?page_id=116"},"modified":"2024-06-11T14:24:11","modified_gmt":"2024-06-11T12:24:11","slug":"mission-statement","status":"publish","type":"page","link":"https:\/\/scientistrebellion.de\/de\/mission-statement\/","title":{"rendered":"Aufgaben und Prinzipien"},"content":{"rendered":"<div data-elementor-type=\"wp-page\" data-elementor-id=\"116\" class=\"elementor elementor-116\">\n\t\t\t\t\t\t<section class=\"elementor-section elementor-top-section elementor-element elementor-element-fa54c45 elementor-section-boxed elementor-section-height-default elementor-section-height-default\" data-id=\"fa54c45\" data-element_type=\"section\" data-e-type=\"section\">\n\t\t\t\t\t\t<div class=\"elementor-container elementor-column-gap-default\">\n\t\t\t\t\t<div class=\"elementor-column elementor-col-100 elementor-top-column elementor-element elementor-element-ffb89db\" data-id=\"ffb89db\" data-element_type=\"column\" data-e-type=\"column\">\n\t\t\t<div class=\"elementor-widget-wrap elementor-element-populated\">\n\t\t\t\t\t\t<div class=\"elementor-element elementor-element-3983021 elementor-widget elementor-widget-text-editor\" data-id=\"3983021\" data-element_type=\"widget\" data-e-type=\"widget\" data-widget_type=\"text-editor.default\">\n\t\t\t\t<div class=\"elementor-widget-container\">\n\t\t\t\t\t\t\t\t\tScientist Rebellion zielt darauf ab, die gewaltfreie globale Revolution zu entfachen, die notwendig ist, um die anhaltende Zerst\u00f6rung der \u00d6kosysteme, die das Leben auf der Erde erhalten, abzuwenden. Der IPCC weist darauf hin, dass \"jede weitere Verz\u00f6gerung von konzertierten, globalen Ma\u00dfnahmen dazu f\u00fchren wird, dass wir ein kurzes und sich schnell schlie\u00dfendes Fenster zur Sicherung einer lebenswerten Zukunft verpassen werden\".<sup>1 <\/sup>Das Umweltprogramm der Vereinten Nationen \u00e4u\u00dfert sich eindeutig, dass \"die internationale Gemeinschaft die Ziele von Paris bei weitem nicht erreicht, da es keinen glaubw\u00fcrdigen Weg zur Einhaltung des 1,5\u00b0C Limits gibt\" und \"nur ein sofortiger systemweiter Wandel die Klimakatastrophe verhindern kann\".<sup>2<\/sup>\n\nEin globalisiertes Wirtschaftssystem, das auf der r\u00fccksichtslosen Ausbeutung der Natur und der Menschen beruht, erm\u00f6glicht durch politische Systeme, die darauf ausgerichtet sind, Unternehmensgewinne in den Vordergrund zu stellen, und die auf undurchsichtige, undemokratische Weise funktionieren, hat die nat\u00fcrlichen lebenserhaltenden Systeme an den Rand des Zusammenbruchs gebracht. Die wissenschaftlichen Erkenntnisse sind eindeutig und das schon seit Jahrzehnten. Fehlinformationskampagnen, vor allem seitens der Industrie f\u00fcr fossile Brennstoffe, und ein \u00fcbertriebener Konservatismus in der Wissenschaftskommunikation haben es den Menschen jedoch viel zu lange schwer gemacht, das schiere Ausma\u00df des Problems zu erkennen. Jetzt ist es an der Zeit, dass die Wissenschaftler:innen und die wissenschaftlichen und akademischen Einrichtungen aktiv werden. Wenn wir \u00fcberleben und eine Welt schaffen wollen, in der wir und k\u00fcnftige Generationen gedeihen k\u00f6nnen, brauchen wir eine sofortige Notfallreaktion, die der beispiellosen Krise, die wir erleben, angemessen ist. Diese Reaktion muss sich auf alle Bereiche der Gesellschaft auswirken und kann nur auf wirklich demokratischen Entscheidungen beruhen, die den Schutz des Lebens gew\u00e4hrleisten und den Gemeinschaften gerecht werden, die am wenigsten zur Krise beigetragen haben und am st\u00e4rksten betroffen sind.\t\t\t\t\t\t\t\t<\/div>\n\t\t\t\t<\/div>\n\t\t\t\t<div class=\"elementor-element elementor-element-d67e3be elementor-widget elementor-widget-heading\" data-id=\"d67e3be\" data-element_type=\"widget\" data-e-type=\"widget\" data-widget_type=\"heading.default\">\n\t\t\t\t<div class=\"elementor-widget-container\">\n\t\t\t\t\t<h2 class=\"elementor-heading-title elementor-size-default\">Aufgabe und Ziele<\/h2>\t\t\t\t<\/div>\n\t\t\t\t<\/div>\n\t\t\t\t<div class=\"elementor-element elementor-element-ec2f365 elementor-widget elementor-widget-text-editor\" data-id=\"ec2f365\" data-element_type=\"widget\" data-e-type=\"widget\" data-widget_type=\"text-editor.default\">\n\t\t\t\t<div class=\"elementor-widget-container\">\n\t\t\t\t\t\t\t\t\t<p>In Anbetracht der verzweifelten Lage befinden wir uns als Menschheit in einem sich rasch schlie\u00dfenden Zeitfenster, in dem das Schlimmste noch abgewendet werden kann. Innerhalb der globalen Klimagerechtigkeitsbewegung sehen wir die Aufgaben und Ziele von Scientist Rebellion wie folgt:<\/p><ol><li>Mobilisierung von Akademiker:innen und Wissenschaftler:innen f\u00fcr Aktionen des gewaltfreien zivilen Ungehorsams. Walk the talk! Wenn diejenigen, die am meisten \u00fcber die Krise wissen, selbst so weitermachen wie bisher, wer soll dann die Dringlichkeit der Situation begreifen? Wenn Wissenschaftler:innen ihren Ruf und ihre Stellung in der Gesellschaft nutzen, um Normen und Regeln in Frage zu stellen, die von denen aufgestellt wurden, die unsere Zukunft zerst\u00f6ren, k\u00f6nnen wir die Gesellschaft schneller in Richtung einer gro\u00dfen sozialen Transformation bewegen.<\/li><li>\u00d6ffnen der akademischen und wissenschaftlichen Einrichtungen f\u00fcr Diskussionen \u00fcber die Notwendigkeit von zivilem Ungehorsam. Die wissenschaftliche Gemeinschaft (bestehend aus Einzelpersonen und Institutionen) ist eine S\u00e4ule der Gesellschaft. Eine solche S\u00e4ule zu zivilem Ungehorsam zu bewegen, wird den sozialen Wandel schneller katalysieren und ein Dilemma f\u00fcr die Politik darstellen, da sie auf die Zusammenarbeit mit \u00f6ffentlich finanzierten Organisationen angewiesen ist.<\/li><li>Anderen Gruppen des gewaltfreien zivilen Widerstands Legitimit\u00e4t verleihen, indem wir ihre Aktionsformen sowie ihre Forderungen unterst\u00fctzen.<\/li><\/ol>\t\t\t\t\t\t\t\t<\/div>\n\t\t\t\t<\/div>\n\t\t\t\t<div class=\"elementor-element elementor-element-e43557d elementor-widget elementor-widget-heading\" data-id=\"e43557d\" data-element_type=\"widget\" data-e-type=\"widget\" data-widget_type=\"heading.default\">\n\t\t\t\t<div class=\"elementor-widget-container\">\n\t\t\t\t\t<h2 class=\"elementor-heading-title elementor-size-default\">Forderungen<\/h2>\t\t\t\t<\/div>\n\t\t\t\t<\/div>\n\t\t\t\t<div class=\"elementor-element elementor-element-2aa6c40 elementor-widget elementor-widget-text-editor\" data-id=\"2aa6c40\" data-element_type=\"widget\" data-e-type=\"widget\" data-widget_type=\"text-editor.default\">\n\t\t\t\t<div class=\"elementor-widget-container\">\n\t\t\t\t\t\t\t\t\t<p>Aufgrund der funktionalen Aufgaben von Scientist Rebellion stehen diese \u00fcbergreifenden Forderungen \u00fcber allem, was wir tun:<\/p>\n<ol>\n<li>Als Teil der wissenschaftlichen Gemeinschaft fordern wir unsere Kolleg:innen auf, sich den j\u00fcngeren Menschen, den am st\u00e4rksten betroffenen Menschen und Gebieten sowie der breiten Klimabewegung an vorderster Front anzuschlie\u00dfen, indem sie sich an gewaltfreien direkten Aktionen beteiligen und die Zusammenarbeit mit den Akteuren beenden, die zum \u00f6kologischen Niedergang und zum menschlichen Leid beitragen.<\/li>\n<li>Wir fordern auch, dass wissenschaftliche und akademische Einrichtungen ihre materiellen und intellektuellen Ressourcen neu ausrichten, um die gesellschaftlichen Ver\u00e4nderungen anzuf\u00fchren, die notwendig sind, um den Zusammenbruch des Klimas, der biologischen Vielfalt und der Gesellschaft abzuwenden.<\/li>\n<li>Wir fordern eine sofortige Dekarbonisierung im Einklang mit den Empfehlungen des IPCC und des IPBES und Degrowth im globalen Norden, um einen gerechten \u00dcbergang zu erm\u00f6glichen, und f\u00fcr den globalen S\u00fcden, um die erforderliche Infrastruktur zur Anpassung an den Klimawandel und seine Folgen aufzubauen. Diese \u00dcberg\u00e4nge sollten von B\u00fcrger:innenversammlungen geleitet werden, um wirklich demokratische Prozesse wiederherzustellen.<\/li>\n<li>Wir fordern die Beendigung des Extraktivismus und die Schaffung von Mechanismen, die die Befriedigung der globalen Bed\u00fcrfnisse der menschlichen und mehr-als-menschlichen Wesen und ihrer sozialen und nat\u00fcrlichen Umwelt sicherstellen.&nbsp;<\/li>\n<li>\n<p>Wir fordern ein sofortiges Ende der undemokratischen und autorit\u00e4ren Herrschaft \u00fcberall auf der Welt, die bedingungslose Freilassung aller zu Unrecht inhaftierten Klimaaktivist:innen und den Schutz und die Anerkennung des Grundrechts, seine Zustimmung zur Teilnahme an einem auf der Ausbeutung der Umwelt aufgebauten System zu verweigern, jetzt und in den kommenden Jahren.<\/p>\n<\/li>\n<\/ol>\t\t\t\t\t\t\t\t<\/div>\n\t\t\t\t<\/div>\n\t\t\t\t<div class=\"elementor-element elementor-element-55f4645 elementor-widget elementor-widget-heading\" data-id=\"55f4645\" data-element_type=\"widget\" data-e-type=\"widget\" data-widget_type=\"heading.default\">\n\t\t\t\t<div class=\"elementor-widget-container\">\n\t\t\t\t\t<h2 class=\"elementor-heading-title elementor-size-default\">Grunds\u00e4tze<\/h2>\t\t\t\t<\/div>\n\t\t\t\t<\/div>\n\t\t\t\t<div class=\"elementor-element elementor-element-6ebbf9e elementor-widget elementor-widget-heading\" data-id=\"6ebbf9e\" data-element_type=\"widget\" data-e-type=\"widget\" data-widget_type=\"heading.default\">\n\t\t\t\t<div class=\"elementor-widget-container\">\n\t\t\t\t\t<h2 class=\"elementor-heading-title elementor-size-large\">Scientists in SR<\/h2>\t\t\t\t<\/div>\n\t\t\t\t<\/div>\n\t\t\t\t<div class=\"elementor-element elementor-element-fd50422 elementor-widget elementor-widget-text-editor\" data-id=\"fd50422\" data-element_type=\"widget\" data-e-type=\"widget\" data-widget_type=\"text-editor.default\">\n\t\t\t\t<div class=\"elementor-widget-container\">\n\t\t\t\t\t\t\t\t\t<p>Wissenschaftler:innen teilen das Bekenntnis zur Erkennbarkeit der Natur und zur Abh\u00e4ngigkeit der Wahrheit von experimenteller Replikation und logischer Koh\u00e4renz, wodurch wir uns als Mitglieder einer gemeinsamen Gruppe identifizieren k\u00f6nnen. Wir bef\u00fcrworten und unterst\u00fctzen die wissenschaftliche Methode - eine Denkweise, die auf logischer Argumentation beruht und Daten, strenge Methoden der empirischen Untersuchung und Peer-Reviews nutzt.<\/p><p>Wissenschaftler:innen\u00a0<span lang=\"en-US\">sind auch epistemischen Werten verpflichtet (Einfachheit, Vorhersagegenauigkeit, Wahrheit, Objektivit\u00e4t, Kritisierbarkeit, Koh\u00e4renz, Unabh\u00e4ngigkeit, Ehrlichkeit, Fairness usw.). Wir wollen eine dualistische Ontologie in den Wissenschaften \u00fcberwinden, die die Welt in zwei Teile spaltet: in die Welt der Fakten und die Welt der Normen, denn in einer solchen dualistischen Sichtweise fehlt der Natur jede eigene W\u00fcrde, und das ist nicht das, was das Zeitalter der \u00f6kologischen Krise braucht.<\/span><\/p><p>Wir hei\u00dfen Menschen willkommen, die entweder eine Ausbildung zum\/zur Wissenschaftler:in machen oder aktiv als Wissenschaftler:in in der akademischen Welt oder im privaten Sektor arbeiten. Scientist Rebellion erkennt auch den unsch\u00e4tzbaren Beitrag von B\u00fcrgerwissenschaftler:innen, Wissenschaftskommunikator:innen und Wissenschaftslehrer:innen an, die wissenschaftliche Methoden und Prozesse auf unser Leben anwenden und unser Wissen und Verst\u00e4ndnis der Welt erweitern. Scientist Rebellion erkennt die Weisheit indigener V\u00f6lker an, z. B. der Aborigines und Torres Strait Islander, und l\u00e4dt sie ein, sich SR anzuschlie\u00dfen.<\/p><p>Wir identifizieren uns oft durch das Tragen von Laborkitteln bei Aktionen. Wir verwenden den Laborkittel als Haltung und politisches Symbol und ermutigen daher ausdr\u00fccklich Wissenschaftler:innen aller Fachrichtungen, nicht nur Nasslaborforscher:innen, ihn zu tragen. Es wird vorgeschlagen, dass diejenigen, die bei Aktionen einen Laborkittel tragen, eine formale Ausbildung haben, z. B. einen Bachelor-Abschluss, aber dieser Vorschlag kann von den Gruppen je nach Art der Aktion, der lokalen Gruppenstruktur und den Umst\u00e4nden angepasst werden.<\/p>\t\t\t\t\t\t\t\t<\/div>\n\t\t\t\t<\/div>\n\t\t\t\t<div class=\"elementor-element elementor-element-d68a333 elementor-widget elementor-widget-heading\" data-id=\"d68a333\" data-element_type=\"widget\" data-e-type=\"widget\" data-widget_type=\"heading.default\">\n\t\t\t\t<div class=\"elementor-widget-container\">\n\t\t\t\t\t<h2 class=\"elementor-heading-title elementor-size-large\">Friedlicher ziviler Ungehorsam (ZU) und gewaltfreie direkte Aktion (DA)<\/h2>\t\t\t\t<\/div>\n\t\t\t\t<\/div>\n\t\t\t\t<div class=\"elementor-element elementor-element-42fc001 elementor-widget elementor-widget-text-editor\" data-id=\"42fc001\" data-element_type=\"widget\" data-e-type=\"widget\" data-widget_type=\"text-editor.default\">\n\t\t\t\t<div class=\"elementor-widget-container\">\n\t\t\t\t\t\t\t\t\t<p>ZU und DA sind Aktionstechniken zur Anwendung von Macht in einem Konflikt durch symbolische Proteste, Verweigerung der Zusammenarbeit und Boykott, aber nicht durch physische Gewalt. Zwar kann Infrastruktur besch\u00e4digt werden, doch sollte bei der Planung von Aktionen darauf geachtet werden, dass sie anderen Menschen keinen Schaden zuf\u00fcgen, auch nicht in physischer oder psychischer Hinsicht. ZU und DA sind mutig, st\u00f6rend und medienwirksam, und Menschen, die sich an direkten Aktionen beteiligen, sind bereit, mit Konsequenzen wie Verhaftungen oder Inhaftierungen zu rechnen. ZU und DA sind organisiert und gut geplant. Die Teilnehmer:innen sollten ein Training \u00fcber ZU oder DA absolvieren, bevor sie sich an Aktionen beteiligen. Der Schutz der Integrit\u00e4t der Teilnehmer:innen ist bei allen Arten von Aktionen von gr\u00f6\u00dfter Bedeutung.<\/p>\t\t\t\t\t\t\t\t<\/div>\n\t\t\t\t<\/div>\n\t\t\t\t<div class=\"elementor-element elementor-element-b67957c elementor-widget elementor-widget-heading\" data-id=\"b67957c\" data-element_type=\"widget\" data-e-type=\"widget\" data-widget_type=\"heading.default\">\n\t\t\t\t<div class=\"elementor-widget-container\">\n\t\t\t\t\t<h2 class=\"elementor-heading-title elementor-size-large\">Radikale Solidarit\u00e4t und das Recht auf Handeln<\/h2>\t\t\t\t<\/div>\n\t\t\t\t<\/div>\n\t\t\t\t<div class=\"elementor-element elementor-element-ee0f16e elementor-widget elementor-widget-text-editor\" data-id=\"ee0f16e\" data-element_type=\"widget\" data-e-type=\"widget\" data-widget_type=\"text-editor.default\">\n\t\t\t\t<div class=\"elementor-widget-container\">\n\t\t\t\t\t\t\t\t\t<p>Wir unterst\u00fctzen jede ZU-Aktion, die unserer ZU-Definition folgt und auf Unt\u00e4tigkeit gegen\u00fcber dem Klima- und Umweltnotstand abzielt. Dies umfasst (a) Aktionen innerhalb von SR, die jeder Person das Recht geben, zu handeln und Aktionen gem\u00e4\u00df unserer ZU-Definition zu planen, sowie (b) Aktionen, die von anderen Gruppen durchgef\u00fchrt werden, die wir durch soziale Medien und andere Mittel unterst\u00fctzen werden.<\/p>\t\t\t\t\t\t\t\t<\/div>\n\t\t\t\t<\/div>\n\t\t\t\t<div class=\"elementor-element elementor-element-a80056e elementor-widget elementor-widget-heading\" data-id=\"a80056e\" data-element_type=\"widget\" data-e-type=\"widget\" data-widget_type=\"heading.default\">\n\t\t\t\t<div class=\"elementor-widget-container\">\n\t\t\t\t\t<h2 class=\"elementor-heading-title elementor-size-large\">Verhaltenskodex und Konfliktl\u00f6sung<\/h2>\t\t\t\t<\/div>\n\t\t\t\t<\/div>\n\t\t\t\t<div class=\"elementor-element elementor-element-07f90b9 elementor-widget elementor-widget-text-editor\" data-id=\"07f90b9\" data-element_type=\"widget\" data-e-type=\"widget\" data-widget_type=\"text-editor.default\">\n\t\t\t\t<div class=\"elementor-widget-container\">\n\t\t\t\t\t\t\t\t\tScientist Rebellion stimmt mit den Prinzipien von Extinction Rebellion \u00fcberein.<sup>3 <\/sup>  In den SR-R\u00e4umen schaffen wir eine gesunde, widerstandsf\u00e4hige und anpassungsf\u00e4hige Kultur, ein sicheres und zug\u00e4ngliches Umfeld. SR ist radikal inklusiv, wohlwollend, weigert sich, Individuen zu beschuldigen und zu besch\u00e4men, und begr\u00fc\u00dft Konflikte, wenn sie entstehen, und sch\u00e4tzt sie als wichtige Kan\u00e4le der Transformation. Der sich daraus ergebende Transformationsprozess sollte je nach SR-Lokalgruppen erfolgen, um kulturelle Unterschiede zu respektieren, und, wenn m\u00f6glich, in der Muttersprache der Konfliktpartner abgewickelt werden. Um das Vertrauen zu st\u00e4rken, sollten radikale Kommunikation, Empathie und Authentizit\u00e4t gef\u00f6rdert werden.\t\t\t\t\t\t\t\t<\/div>\n\t\t\t\t<\/div>\n\t\t\t\t<div class=\"elementor-element elementor-element-ff2a043 elementor-widget elementor-widget-heading\" data-id=\"ff2a043\" data-element_type=\"widget\" data-e-type=\"widget\" data-widget_type=\"heading.default\">\n\t\t\t\t<div class=\"elementor-widget-container\">\n\t\t\t\t\t<h2 class=\"elementor-heading-title elementor-size-large\">Lernen und Ver\u00e4nderung in unserem \"Mission Statement\" zulassen<\/h2>\t\t\t\t<\/div>\n\t\t\t\t<\/div>\n\t\t\t\t<div class=\"elementor-element elementor-element-4f7aa6a elementor-widget elementor-widget-text-editor\" data-id=\"4f7aa6a\" data-element_type=\"widget\" data-e-type=\"widget\" data-widget_type=\"text-editor.default\">\n\t\t\t\t<div class=\"elementor-widget-container\">\n\t\t\t\t\t\t\t\t\t<p>Dieser Kodex wird sich in dem Ma\u00dfe weiterentwickeln, wie wir lernen und wachsen, und insbesondere als Reaktion auf das Feedback von unterrepr\u00e4sentierten Personen und Gruppen.<\/p>\t\t\t\t\t\t\t\t<\/div>\n\t\t\t\t<\/div>\n\t\t\t\t<div class=\"elementor-element elementor-element-79c8b6d elementor-widget elementor-widget-heading\" data-id=\"79c8b6d\" data-element_type=\"widget\" data-e-type=\"widget\" data-widget_type=\"heading.default\">\n\t\t\t\t<div class=\"elementor-widget-container\">\n\t\t\t\t\t<h2 class=\"elementor-heading-title elementor-size-large\">Struktur und Entscheidungsfindung<\/h2>\t\t\t\t<\/div>\n\t\t\t\t<\/div>\n\t\t\t\t<div class=\"elementor-element elementor-element-e12b04b elementor-widget elementor-widget-text-editor\" data-id=\"e12b04b\" data-element_type=\"widget\" data-e-type=\"widget\" data-widget_type=\"text-editor.default\">\n\t\t\t\t<div class=\"elementor-widget-container\">\n\t\t\t\t\t\t\t\t\t<p>Global denken, lokal handeln. Die SR ist eine horizontale, dezentralisierte Organisation, die aus mehreren lokalen Zweigstellen in verschiedenen L\u00e4ndern besteht, in denen die wichtigsten Diskussionen, Entscheidungen und Aktionen stattfinden. Gem\u00e4\u00df unseren Zielen, Forderungen und Grunds\u00e4tzen kann jede Untergruppe selbst \u00fcber ihre Aktionen entscheiden, und wir ermutigen die Zweigstellen, lokale Bezugsgruppen einzubeziehen und mit ihnen zusammenzuarbeiten. Entscheidungen werden in Verfahren getroffen, die f\u00fcr m\u00f6glichst viele Mitglieder zug\u00e4nglich sind, und es sollte immer Raum f\u00fcr Diskussionen und klare Informationen geben. W\u00e4hrend die lokalen Zweigstellen lokale Arbeitsgruppen und Aktionen koordinieren, arbeiten sie auch in internationalen Arbeitsgruppen zusammen, insbesondere f\u00fcr koordinierte globale und internationale Aktionen.\u00a0<\/p>\t\t\t\t\t\t\t\t<\/div>\n\t\t\t\t<\/div>\n\t\t\t\t<div class=\"elementor-element elementor-element-4030378 elementor-widget elementor-widget-heading\" data-id=\"4030378\" data-element_type=\"widget\" data-e-type=\"widget\" data-widget_type=\"heading.default\">\n\t\t\t\t<div class=\"elementor-widget-container\">\n\t\t\t\t\t<h2 class=\"elementor-heading-title elementor-size-large\">Gerechtigkeit<\/h2>\t\t\t\t<\/div>\n\t\t\t\t<\/div>\n\t\t\t\t<div class=\"elementor-element elementor-element-bde62c8 elementor-widget elementor-widget-text-editor\" data-id=\"bde62c8\" data-element_type=\"widget\" data-e-type=\"widget\" data-widget_type=\"text-editor.default\">\n\t\t\t\t<div class=\"elementor-widget-container\">\n\t\t\t\t\t\t\t\t\t<p>SR ist solidarisch mit den am st\u00e4rksten betroffenen Menschen und Gebieten und verleiht ihnen Geh\u00f6r. SR unterst\u00fctzt daher Gruppen und Organisationen, deren allgemeine Ziele mit unserem Kampf f\u00fcr Klimagerechtigkeit \u00fcbereinstimmen. Wir arbeiten daran, die Interkulturalit\u00e4t innerhalb von SR zu erkennen, indem wir die Stimmen der am st\u00e4rksten betroffenen Menschen und Gebiete sowie historisch marginalisierter Gruppen aktiv erheben und verst\u00e4rken, z. B. in Interviews und in den sozialen Medien.<\/p><p>Wir ermutigen Wissenschaftler:innen aus allen Teilen der Welt, sich SR anzuschlie\u00dfen. Wir versuchen, die Treffen so zu planen, dass die verschiedenen Zeitzonen ber\u00fccksichtigt werden, und stellen bei Bedarf \u00fcbersetzte Materialien zur Verf\u00fcgung. Jedes Land und jede lokale Gruppe entscheidet \u00fcber die Aktionen und die Strategie, die f\u00fcr ihren Kontext geeignet sind, wobei unser nicht-hierarchischer Ansatz und das Prinzip der radikalen Solidarit\u00e4t beachtet werden.<\/p><p>Wir wenden uns gegen Unterdr\u00fcckung und lehnen Rassismus, Sexismus, Homo- und Transphobie, Faschismus, Antisemitismus, Altersdiskriminierung und Behindertenfeindlichkeit direkt ab. Wir ermutigen unsere Mitglieder, Unbehagen zuzulassen und ihre eigenen Weltanschauungen zu hinterfragen, indem sie sich alle Perspektiven, Gedanken und Meinungen anh\u00f6ren. Letztlich versuchen wir, die Machtstrukturen zu \u00fcberwinden, die die Wurzel und den Kern dieser Krise bilden: kolonialistische, rassistische, anti-Behinderungs- und sexistische Strukturen. Aktionen von SR und SR-interne Prozesse zielen darauf ab, marginalisierte, verletzliche oder unterprivilegierte Gruppen gleichberechtigt einzubeziehen.<\/p>\t\t\t\t\t\t\t\t<\/div>\n\t\t\t\t<\/div>\n\t\t\t\t<div class=\"elementor-element elementor-element-3a52045 elementor-widget elementor-widget-spacer\" data-id=\"3a52045\" data-element_type=\"widget\" data-e-type=\"widget\" data-widget_type=\"spacer.default\">\n\t\t\t\t<div class=\"elementor-widget-container\">\n\t\t\t\t\t\t\t<div class=\"elementor-spacer\">\n\t\t\t<div class=\"elementor-spacer-inner\"><\/div>\n\t\t<\/div>\n\t\t\t\t\t\t<\/div>\n\t\t\t\t<\/div>\n\t\t\t\t<div class=\"elementor-element elementor-element-4609d21 elementor-widget elementor-widget-heading\" data-id=\"4609d21\" data-element_type=\"widget\" data-e-type=\"widget\" data-widget_type=\"heading.default\">\n\t\t\t\t<div class=\"elementor-widget-container\">\n\t\t\t\t\t<h2 class=\"elementor-heading-title elementor-size-medium\">References and further reading<\/h2>\t\t\t\t<\/div>\n\t\t\t\t<\/div>\n\t\t\t\t<div class=\"elementor-element elementor-element-9771ca6 elementor-widget elementor-widget-text-editor\" data-id=\"9771ca6\" data-element_type=\"widget\" data-e-type=\"widget\" data-widget_type=\"text-editor.default\">\n\t\t\t\t<div class=\"elementor-widget-container\">\n\t\t\t\t\t\t\t\t\t<p>1. <a href=\"https:\/\/www.youtube.com\/watch?v=VKhoVnC3lNk\" data-cke-saved-href=\"https:\/\/www.youtube.com\/watch?v=VKhoVnC3lNk\">https:\/\/www.youtube.com\/watch?v=VKhoVnC3lNk<\/a><\/p><p>2. United Nations Environment Programme (UNEP) Emissions Gap Report 2022: &#8220;The Closing Window &#8211; Climate crisis calls for rapid transformation of societies&#8221; (<a href=\"https:\/\/www.unep.org\/resources\/emissions-gap-report-2022\" data-cke-saved-href=\"https:\/\/www.unep.org\/resources\/emissions-gap-report-2022\">https:\/\/www.unep.org\/resources\/emissions-gap-report-2022<\/a>)<\/p><p><span class=\"marker\">3. <\/span><a href=\"https:\/\/extinctionrebellion.uk\/the-truth\/about-us\/\" data-cke-saved-href=\"https:\/\/extinctionrebellion.uk\/the-truth\/about-us\/\">https:\/\/extinctionrebellion.uk\/the-truth\/about-us\/<\/a><\/p><p><span class=\"marker\">Gardner et al. 2021,\u00a0From Publications to Public Actions: The Role of Universities in Facilitating Academic Advocacy and Activism in the Climate and Ecological Emergency<\/span><\/p><p><span class=\"marker\">Engler&amp;Engler &#8220;This is an Uprising&#8221;,\u00a0<\/span>ISBN 978-1568587332<\/p><p>\u00a0<\/p>\t\t\t\t\t\t\t\t<\/div>\n\t\t\t\t<\/div>\n\t\t\t\t\t<\/div>\n\t\t<\/div>\n\t\t\t\t\t<\/div>\n\t\t<\/section>\n\t\t\t\t<\/div>","protected":false},"excerpt":{"rendered":"<p>Scientist Rebellion aims to spark the non-violent global revolution needed to avert the continued destruction of the ecosystems that sustain life on Earth. The IPCC points out that &#8220;any further delay in concerted, global action, will miss a brief and rapidly closing window to secure a livable future&#8221;.1 The United Nations Environment Program has stated&hellip; <br \/> <a class=\"read-more\" href=\"https:\/\/scientistrebellion.de\/de\/mission-statement\/\">Weiterlesen<\/a><\/p>","protected":false},"author":2,"featured_media":0,"parent":0,"menu_order":0,"comment_status":"closed","ping_status":"closed","template":"","meta":{"footnotes":""},"class_list":["post-116","page","type-page","status-publish","hentry"],"_links":{"self":[{"href":"https:\/\/scientistrebellion.de\/de\/wp-json\/wp\/v2\/pages\/116","targetHints":{"allow":["GET"]}}],"collection":[{"href":"https:\/\/scientistrebellion.de\/de\/wp-json\/wp\/v2\/pages"}],"about":[{"href":"https:\/\/scientistrebellion.de\/de\/wp-json\/wp\/v2\/types\/page"}],"author":[{"embeddable":true,"href":"https:\/\/scientistrebellion.de\/de\/wp-json\/wp\/v2\/users\/2"}],"replies":[{"embeddable":true,"href":"https:\/\/scientistrebellion.de\/de\/wp-json\/wp\/v2\/comments?post=116"}],"version-history":[{"count":73,"href":"https:\/\/scientistrebellion.de\/de\/wp-json\/wp\/v2\/pages\/116\/revisions"}],"predecessor-version":[{"id":2318,"href":"https:\/\/scientistrebellion.de\/de\/wp-json\/wp\/v2\/pages\/116\/revisions\/2318"}],"wp:attachment":[{"href":"https:\/\/scientistrebellion.de\/de\/wp-json\/wp\/v2\/media?parent=116"}],"curies":[{"name":"wp","href":"https:\/\/api.w.org\/{rel}","templated":true}]}}