{"id":1593,"date":"2024-02-01T16:20:02","date_gmt":"2024-02-01T15:20:02","guid":{"rendered":"https:\/\/scientistrebellion.de\/?page_id=1593"},"modified":"2025-01-24T12:04:50","modified_gmt":"2025-01-24T11:04:50","slug":"local-groups","status":"publish","type":"page","link":"https:\/\/scientistrebellion.de\/de\/local-groups\/","title":{"rendered":"Ortsgruppen"},"content":{"rendered":"<div data-elementor-type=\"wp-page\" data-elementor-id=\"1593\" class=\"elementor elementor-1593\">\n\t\t\t\t\t\t<section class=\"elementor-section elementor-top-section elementor-element elementor-element-3f5909a elementor-section-boxed elementor-section-height-default elementor-section-height-default\" data-id=\"3f5909a\" data-element_type=\"section\" data-e-type=\"section\">\n\t\t\t\t\t\t<div class=\"elementor-container elementor-column-gap-default\">\n\t\t\t\t\t<div class=\"elementor-column elementor-col-100 elementor-top-column elementor-element elementor-element-b6afac3\" data-id=\"b6afac3\" data-element_type=\"column\" data-e-type=\"column\">\n\t\t\t<div class=\"elementor-widget-wrap elementor-element-populated\">\n\t\t\t\t\t\t<div class=\"elementor-element elementor-element-1bfeb6b elementor-widget elementor-widget-heading\" data-id=\"1bfeb6b\" data-element_type=\"widget\" data-e-type=\"widget\" data-widget_type=\"heading.default\">\n\t\t\t\t<div class=\"elementor-widget-container\">\n\t\t\t\t\t<h3 class=\"elementor-heading-title elementor-size-default\">Triff andere SR'ler in deiner Gegend<\/h3>\t\t\t\t<\/div>\n\t\t\t\t<\/div>\n\t\t\t\t<div class=\"elementor-element elementor-element-caba9c6 elementor-widget elementor-widget-text-editor\" data-id=\"caba9c6\" data-element_type=\"widget\" data-e-type=\"widget\" data-widget_type=\"text-editor.default\">\n\t\t\t\t<div class=\"elementor-widget-container\">\n\t\t\t\t\t\t\t\t\t<p>Zus\u00e4tzlich zu der nationalen Scientist Rebellion Gruppe gibt es lokale Gruppen in verschiedenen Regionen und Universit\u00e4ten.<\/p><p>Mit unseren Ortsgruppen m\u00f6chten wir Scientist Rebellion an den Unis und Forschungsinstituten bekannter machen, es erleichtern, mitzumachen und in Aktion zu gehen ohne weit reisen zu m\u00fcssen und Ver\u00e4nderungen an unseren eigene Forschungseinrichtungen ansto\u00dfen.<\/p><p>Schick uns eine Email, um mit deiner Ortsgruppe Kontakt aufzunehmen.<\/p><p><strong>Noch keine Gruppe in deiner Region? <\/strong>Kontaktiere uns oder komm zu einem online Kennenlerntreffen. Wahrscheinlich gibt es mehr SR'ler in deiner Region, mit denen du eine Ortsgruppe gr\u00fcnden kannst.<\/p>\t\t\t\t\t\t\t\t<\/div>\n\t\t\t\t<\/div>\n\t\t\t\t<div class=\"elementor-element elementor-element-2049aff elementor-widget elementor-widget-image\" data-id=\"2049aff\" data-element_type=\"widget\" data-e-type=\"widget\" data-widget_type=\"image.default\">\n\t\t\t\t<div class=\"elementor-widget-container\">\n\t\t\t\t\t\t\t\t\t\t\t\t\t\t\t<img fetchpriority=\"high\" decoding=\"async\" width=\"1024\" height=\"576\" src=\"https:\/\/scientistrebellion.de\/wp-content\/uploads\/2025\/01\/image1-1024x576.png\" class=\"attachment-large size-large wp-image-3416\" alt=\"\" srcset=\"https:\/\/scientistrebellion.de\/wp-content\/uploads\/2025\/01\/image1-1024x576.png 1024w, https:\/\/scientistrebellion.de\/wp-content\/uploads\/2025\/01\/image1-300x169.png 300w, https:\/\/scientistrebellion.de\/wp-content\/uploads\/2025\/01\/image1-768x432.png 768w, https:\/\/scientistrebellion.de\/wp-content\/uploads\/2025\/01\/image1-18x10.png 18w, https:\/\/scientistrebellion.de\/wp-content\/uploads\/2025\/01\/image1.png 1280w\" sizes=\"(max-width: 1024px) 100vw, 1024px\" \/>\t\t\t\t\t\t\t\t\t\t\t\t\t\t\t<\/div>\n\t\t\t\t<\/div>\n\t\t\t\t<div class=\"elementor-element elementor-element-b50f68a elementor-widget elementor-widget-image\" data-id=\"b50f68a\" data-element_type=\"widget\" data-e-type=\"widget\" data-widget_type=\"image.default\">\n\t\t\t\t<div class=\"elementor-widget-container\">\n\t\t\t\t\t\t\t\t\t\t\t\t\t\t\t<img decoding=\"async\" src=\"https:\/\/scientistrebellion.de\/wp-content\/uploads\/2024\/03\/localgroups.jpg\" title=\"\" alt=\"\" loading=\"lazy\" \/>\t\t\t\t\t\t\t\t\t\t\t\t\t\t\t<\/div>\n\t\t\t\t<\/div>\n\t\t\t\t\t<\/div>\n\t\t<\/div>\n\t\t\t\t\t<\/div>\n\t\t<\/section>\n\t\t\t\t<\/div>","protected":false},"excerpt":{"rendered":"<p>Get social and team up in your area In addition to the national Scientist Rebellion group, there are local groups in several regions and universities. With our local groups, we aim at making Scientist Rebellion better known at universities, make it easier for scientists to join our events and actions without having to travel, and&hellip; <br \/> <a class=\"read-more\" href=\"https:\/\/scientistrebellion.de\/de\/local-groups\/\">Weiterlesen<\/a><\/p>","protected":false},"author":2,"featured_media":0,"parent":0,"menu_order":0,"comment_status":"closed","ping_status":"closed","template":"","meta":{"footnotes":""},"class_list":["post-1593","page","type-page","status-publish","hentry"],"_links":{"self":[{"href":"https:\/\/scientistrebellion.de\/de\/wp-json\/wp\/v2\/pages\/1593","targetHints":{"allow":["GET"]}}],"collection":[{"href":"https:\/\/scientistrebellion.de\/de\/wp-json\/wp\/v2\/pages"}],"about":[{"href":"https:\/\/scientistrebellion.de\/de\/wp-json\/wp\/v2\/types\/page"}],"author":[{"embeddable":true,"href":"https:\/\/scientistrebellion.de\/de\/wp-json\/wp\/v2\/users\/2"}],"replies":[{"embeddable":true,"href":"https:\/\/scientistrebellion.de\/de\/wp-json\/wp\/v2\/comments?post=1593"}],"version-history":[{"count":22,"href":"https:\/\/scientistrebellion.de\/de\/wp-json\/wp\/v2\/pages\/1593\/revisions"}],"predecessor-version":[{"id":3419,"href":"https:\/\/scientistrebellion.de\/de\/wp-json\/wp\/v2\/pages\/1593\/revisions\/3419"}],"wp:attachment":[{"href":"https:\/\/scientistrebellion.de\/de\/wp-json\/wp\/v2\/media?parent=1593"}],"curies":[{"name":"wp","href":"https:\/\/api.w.org\/{rel}","templated":true}]}}