{"id":164,"date":"2023-04-20T12:15:14","date_gmt":"2023-04-20T10:15:14","guid":{"rendered":"https:\/\/de.scientistrebellion.com\/?page_id=164"},"modified":"2023-08-05T20:09:10","modified_gmt":"2023-08-05T18:09:10","slug":"whistleblowing","status":"publish","type":"page","link":"https:\/\/scientistrebellion.de\/de\/whistleblowing\/","title":{"rendered":"Whistleblowing"},"content":{"rendered":"<div data-elementor-type=\"wp-page\" data-elementor-id=\"164\" class=\"elementor elementor-164\">\n\t\t\t\t\t\t<section class=\"elementor-section elementor-top-section elementor-element elementor-element-81f12a2 elementor-section-boxed elementor-section-height-default elementor-section-height-default\" data-id=\"81f12a2\" data-element_type=\"section\" data-e-type=\"section\">\n\t\t\t\t\t\t<div class=\"elementor-container elementor-column-gap-default\">\n\t\t\t\t\t<div class=\"elementor-column elementor-col-100 elementor-top-column elementor-element elementor-element-9e13741\" data-id=\"9e13741\" data-element_type=\"column\" data-e-type=\"column\">\n\t\t\t<div class=\"elementor-widget-wrap elementor-element-populated\">\n\t\t\t\t\t\t<div class=\"elementor-element elementor-element-77dd3d5 elementor-widget elementor-widget-text-editor\" data-id=\"77dd3d5\" data-element_type=\"widget\" data-e-type=\"widget\" data-widget_type=\"text-editor.default\">\n\t\t\t\t<div class=\"elementor-widget-container\">\n\t\t\t\t\t\t\t\t\t<p><em>&#8220;Whistleblowing presents a critical perspective on both how to challenge power dynamics and how to expose social injustices and wrongdoing.&#8221;\u00a0<\/em><\/p>\t\t\t\t\t\t\t\t<\/div>\n\t\t\t\t<\/div>\n\t\t\t\t<div class=\"elementor-element elementor-element-5a847b5 elementor-widget elementor-widget-text-editor\" data-id=\"5a847b5\" data-element_type=\"widget\" data-e-type=\"widget\" data-widget_type=\"text-editor.default\">\n\t\t\t\t<div class=\"elementor-widget-container\">\n\t\t\t\t\t\t\t\t\t<p><em>&#8220;Whistleblowing is presented as an act of &#8220;disruption&#8221;, which is able to provoke the unexpected within closed systems.&#8221;<\/em><\/p>\t\t\t\t\t\t\t\t<\/div>\n\t\t\t\t<\/div>\n\t\t\t\t<div class=\"elementor-element elementor-element-720dcc1 elementor-widget elementor-widget-text-editor\" data-id=\"720dcc1\" data-element_type=\"widget\" data-e-type=\"widget\" data-widget_type=\"text-editor.default\">\n\t\t\t\t<div class=\"elementor-widget-container\">\n\t\t\t\t\t\t\t\t\t<p>(&#8216;Whistleblowing for Change&#8217; by Tatiana Bazzichelli)<\/p>\t\t\t\t\t\t\t\t<\/div>\n\t\t\t\t<\/div>\n\t\t\t\t\t<\/div>\n\t\t<\/div>\n\t\t\t\t\t<\/div>\n\t\t<\/section>\n\t\t\t\t<section class=\"elementor-section elementor-top-section elementor-element elementor-element-6d275e7 elementor-section-boxed elementor-section-height-default elementor-section-height-default\" data-id=\"6d275e7\" data-element_type=\"section\" data-e-type=\"section\">\n\t\t\t\t\t\t<div class=\"elementor-container elementor-column-gap-default\">\n\t\t\t\t\t<div class=\"elementor-column elementor-col-100 elementor-top-column elementor-element elementor-element-98413f0\" data-id=\"98413f0\" data-element_type=\"column\" data-e-type=\"column\">\n\t\t\t<div class=\"elementor-widget-wrap elementor-element-populated\">\n\t\t\t\t\t\t<div class=\"elementor-element elementor-element-4eefa56 elementor-widget elementor-widget-spacer\" data-id=\"4eefa56\" data-element_type=\"widget\" data-e-type=\"widget\" data-widget_type=\"spacer.default\">\n\t\t\t\t<div class=\"elementor-widget-container\">\n\t\t\t\t\t\t\t<div class=\"elementor-spacer\">\n\t\t\t<div class=\"elementor-spacer-inner\"><\/div>\n\t\t<\/div>\n\t\t\t\t\t\t<\/div>\n\t\t\t\t<\/div>\n\t\t\t\t<div class=\"elementor-element elementor-element-6cc6ad0 elementor-widget elementor-widget-text-editor\" data-id=\"6cc6ad0\" data-element_type=\"widget\" data-e-type=\"widget\" data-widget_type=\"text-editor.default\">\n\t\t\t\t<div class=\"elementor-widget-container\">\n\t\t\t\t\t\t\t\t\t<p><strong>Wissenschaftliche Warnungen - Missst\u00e4nde melden<\/strong><\/p>\t\t\t\t\t\t\t\t<\/div>\n\t\t\t\t<\/div>\n\t\t\t\t\t<\/div>\n\t\t<\/div>\n\t\t\t\t\t<\/div>\n\t\t<\/section>\n\t\t\t\t<section class=\"elementor-section elementor-top-section elementor-element elementor-element-60acf41 elementor-section-boxed elementor-section-height-default elementor-section-height-default\" data-id=\"60acf41\" data-element_type=\"section\" data-e-type=\"section\">\n\t\t\t\t\t\t<div class=\"elementor-container elementor-column-gap-default\">\n\t\t\t\t\t<div class=\"elementor-column elementor-col-100 elementor-top-column elementor-element elementor-element-fbd155a\" data-id=\"fbd155a\" data-element_type=\"column\" data-e-type=\"column\">\n\t\t\t<div class=\"elementor-widget-wrap elementor-element-populated\">\n\t\t\t\t\t\t<div class=\"elementor-element elementor-element-ec47d28 elementor-widget elementor-widget-text-editor\" data-id=\"ec47d28\" data-element_type=\"widget\" data-e-type=\"widget\" data-widget_type=\"text-editor.default\">\n\t\t\t\t<div class=\"elementor-widget-container\">\n\t\t\t\t\t\t\t\t\t<p>Wenn Sie erfahren oder miterleben, dass wissenschaftliche Daten von \u00f6ffentlichem Interesse missbraucht, verw\u00e4ssert oder aus dem Zusammenhang gerissen werden, oder wenn Sie feststellen, dass es rechtswidrige Praktiken oder berufliches Fehlverhalten gibt, die darauf abzielen, wissenschaftliche Erkenntnisse zu verschleiern, m\u00f6chten Sie vielleicht solche Missst\u00e4nde \u00f6ffentlich machen.<\/p><p>Dies k\u00f6nnen zum Beispiel Informationen sein, die zeigen, dass:<\/p>\t\t\t\t\t\t\t\t<\/div>\n\t\t\t\t<\/div>\n\t\t\t\t<div class=\"elementor-element elementor-element-53c98d3 elementor-widget elementor-widget-text-editor\" data-id=\"53c98d3\" data-element_type=\"widget\" data-e-type=\"widget\" data-widget_type=\"text-editor.default\">\n\t\t\t\t<div class=\"elementor-widget-container\">\n\t\t\t\t\t\t\t\t\t<ul><li>Politiker:innen und\/oder Organisationen ihre eigenen Interessen durchsetzen, ohne die Empfehlungen oder gar Warnungen der Wissenschaft zu beachten.<\/li><li>\u00f6ffentlich finanzierte Wissenschaft missbraucht oder ignoriert wird.<\/li><li>wissenschaftliche Daten ver\u00e4ndert, verw\u00e4ssert, besch\u00f6nigt oder gekauft wurden.<\/li><li>Redakteur:innen\/Medienh\u00e4user sich daf\u00fcr entschieden, unvollst\u00e4ndige oder gar keine wissenschaftlichen Erkenntnisse zu verbreiten, obwohl sie f\u00fcr die \u00d6ffentlichkeit von Bedeutung w\u00e4ren.<\/li><li>Wissenschaftsabteilungen unter Druck gesetzt werden, Daten und Erkenntnisse so darzustellen, dass sie dem jeweiligen individuellen oder wirtschaftlichen Interesse dienen und nicht dem wissenschaftlichen Nachweis.\u00a0<\/li><\/ul>\t\t\t\t\t\t\t\t<\/div>\n\t\t\t\t<\/div>\n\t\t\t\t<div class=\"elementor-element elementor-element-ecfe8e9 elementor-widget elementor-widget-text-editor\" data-id=\"ecfe8e9\" data-element_type=\"widget\" data-e-type=\"widget\" data-widget_type=\"text-editor.default\">\n\t\t\t\t<div class=\"elementor-widget-container\">\n\t\t\t\t\t\t\t\t\t<p class=\"translation-block\">Zun\u00e4chst sollten Sie sich jedoch fragen, ob das, was Sie melden m\u00f6chten, von \u00f6ffentlichem Interesse ist oder lediglich einen Versto\u00df gegen die gute wissenschaftliche Praxis (GSP) und die wissenschaftliche Integrit\u00e4t darstellt. Also, <span style=\"text-decoration: underline\">ob die Information f\u00fcr die wissenschaftliche Gemeinschaft oder f\u00fcr die \u00d6ffentlichkeit wichtig ist<\/span>. GSP Verletzungen k\u00f6nnen vom\u00a0<a href=\"https:\/\/ombudsman-fuer-die-wissenschaft.de\/\" target=\"_self\">B\u00fcro des Ombudsmanns der Wissenschaften<\/a> bearbeitet werden, der ein von der <a href=\"https:\/\/www.dfg.de\/en\/research_funding\/principles_dfg_funding\/good_scientific_practice\/ombudsman\/index.html\" target=\"_blank\" rel=\"noopener\" data-cke-saved-href=\"https:\/\/www.dfg.de\/en\/research_funding\/principles_dfg_funding\/good_scientific_practice\/ombudsman\/index.html\">Deutschen Forschungsgesellschaft (DFG)<\/a> ernanntes Komitee ist.\u00a0<\/p>\t\t\t\t\t\t\t\t<\/div>\n\t\t\t\t<\/div>\n\t\t\t\t\t<\/div>\n\t\t<\/div>\n\t\t\t\t\t<\/div>\n\t\t<\/section>\n\t\t\t\t<section class=\"elementor-section elementor-top-section elementor-element elementor-element-65bb4ef elementor-section-boxed elementor-section-height-default elementor-section-height-default\" data-id=\"65bb4ef\" data-element_type=\"section\" data-e-type=\"section\">\n\t\t\t\t\t\t<div class=\"elementor-container elementor-column-gap-default\">\n\t\t\t\t\t<div class=\"elementor-column elementor-col-100 elementor-top-column elementor-element elementor-element-cf90448\" data-id=\"cf90448\" data-element_type=\"column\" data-e-type=\"column\">\n\t\t\t<div class=\"elementor-widget-wrap elementor-element-populated\">\n\t\t\t\t\t\t<div class=\"elementor-element elementor-element-73964fe elementor-widget elementor-widget-text-editor\" data-id=\"73964fe\" data-element_type=\"widget\" data-e-type=\"widget\" data-widget_type=\"text-editor.default\">\n\t\t\t\t<div class=\"elementor-widget-container\">\n\t\t\t\t\t\t\t\t\t<p class=\"translation-block\">F\u00fcr Informationen, die von \u00f6ffentlichem Interesse sind, k\u00f6nnen Sie ein neu eingerichtetes sicheres Postfach nutzen, das Sie in Ihrem Bem\u00fchen unterst\u00fctzt, sicherzustellen, dass diese Informationen ihren Weg in die \u00d6ffentlichkeit finden.<\/p>\t\t\t\t\t\t\t\t<\/div>\n\t\t\t\t<\/div>\n\t\t\t\t<div class=\"elementor-element elementor-element-4c3fa00 elementor-align-center elementor-widget elementor-widget-button\" data-id=\"4c3fa00\" data-element_type=\"widget\" data-e-type=\"widget\" data-widget_type=\"button.default\">\n\t\t\t\t<div class=\"elementor-widget-container\">\n\t\t\t\t\t\t\t\t\t<div class=\"elementor-button-wrapper\">\n\t\t\t\t\t<a class=\"elementor-button elementor-button-link elementor-size-lg\" href=\"https:\/\/sciencewarnings.missstaende-melden.de\/#\/\">\n\t\t\t\t\t\t<span class=\"elementor-button-content-wrapper\">\n\t\t\t\t\t\t\t\t\t<span class=\"elementor-button-text\">Sicheres Postfach<\/span>\n\t\t\t\t\t<\/span>\n\t\t\t\t\t<\/a>\n\t\t\t\t<\/div>\n\t\t\t\t\t\t\t\t<\/div>\n\t\t\t\t<\/div>\n\t\t\t\t<div class=\"elementor-element elementor-element-850c37b elementor-widget elementor-widget-text-editor\" data-id=\"850c37b\" data-element_type=\"widget\" data-e-type=\"widget\" data-widget_type=\"text-editor.default\">\n\t\t\t\t<div class=\"elementor-widget-container\">\n\t\t\t\t\t\t\t\t\t<p>In diesem Fall sollten Sie nicht intuitiv oder vorschnell handeln, sondern sich \u00fcber m\u00f6gliche Risiken und Folgen informieren, die sehr unterschiedlich sein k\u00f6nnen, je nachdem, wer Sie sind, f\u00fcr wen Sie arbeiten und was Sie melden m\u00f6chten.<\/p>\t\t\t\t\t\t\t\t<\/div>\n\t\t\t\t<\/div>\n\t\t\t\t<div class=\"elementor-element elementor-element-ea9e5df elementor-widget elementor-widget-text-editor\" data-id=\"ea9e5df\" data-element_type=\"widget\" data-e-type=\"widget\" data-widget_type=\"text-editor.default\">\n\t\t\t\t<div class=\"elementor-widget-container\">\n\t\t\t\t\t\t\t\t\t<p class=\"translation-block\">Besonders hilfreich ist die Beratung vom <a href=\"https:\/\/www.whistleblower-net.de\/beratung\/whistleblowerberatung\/\" target=\"_self\">Whistleblower Netzwerk e.V.<\/a>,  welches langj\u00e4hrige Erfahrung im Bereich Whistleblowing hat. Sie k\u00f6nnen auch die <a href=\"https:\/\/www.eff.org\/\" target=\"_self\">Electronic Frontier Foundation<\/a> kontaktieren, eine gemeinn\u00fctzige Organisation, die sich f\u00fcr den Schutz der b\u00fcrgerlichen Freiheiten in der digitalen Welt einsetzt.\u00a0<\/p>\t\t\t\t\t\t\t\t<\/div>\n\t\t\t\t<\/div>\n\t\t\t\t\t<\/div>\n\t\t<\/div>\n\t\t\t\t\t<\/div>\n\t\t<\/section>\n\t\t\t\t<section class=\"elementor-section elementor-top-section elementor-element elementor-element-94674a6 elementor-section-boxed elementor-section-height-default elementor-section-height-default\" data-id=\"94674a6\" data-element_type=\"section\" data-e-type=\"section\">\n\t\t\t\t\t\t<div class=\"elementor-container elementor-column-gap-default\">\n\t\t\t\t\t<div class=\"elementor-column elementor-col-100 elementor-top-column elementor-element elementor-element-b1d5ea2\" data-id=\"b1d5ea2\" data-element_type=\"column\" data-e-type=\"column\">\n\t\t\t<div class=\"elementor-widget-wrap elementor-element-populated\">\n\t\t\t\t\t\t<div class=\"elementor-element elementor-element-2f6acec elementor-widget elementor-widget-spacer\" data-id=\"2f6acec\" data-element_type=\"widget\" data-e-type=\"widget\" data-widget_type=\"spacer.default\">\n\t\t\t\t<div class=\"elementor-widget-container\">\n\t\t\t\t\t\t\t<div class=\"elementor-spacer\">\n\t\t\t<div class=\"elementor-spacer-inner\"><\/div>\n\t\t<\/div>\n\t\t\t\t\t\t<\/div>\n\t\t\t\t<\/div>\n\t\t\t\t<div class=\"elementor-element elementor-element-baf038b elementor-widget elementor-widget-heading\" data-id=\"baf038b\" data-element_type=\"widget\" data-e-type=\"widget\" data-widget_type=\"heading.default\">\n\t\t\t\t<div class=\"elementor-widget-container\">\n\t\t\t\t\t<h2 class=\"elementor-heading-title elementor-size-default\">Weitere hilfreiche Links und Tools<\/h2>\t\t\t\t<\/div>\n\t\t\t\t<\/div>\n\t\t\t\t<div class=\"elementor-element elementor-element-525af23 elementor-widget elementor-widget-text-editor\" data-id=\"525af23\" data-element_type=\"widget\" data-e-type=\"widget\" data-widget_type=\"text-editor.default\">\n\t\t\t\t<div class=\"elementor-widget-container\">\n\t\t\t\t\t\t\t\t\t<p>Personalisierte Empfehlungen und Ratschl\u00e4ge von Experten zur Kontosicherheit, zur Sicherung von Ger\u00e4ten, seien es Smartphones oder Heimcomputer, und zur \u00dcberwachung: <a href=\"https:\/\/securityplanner.consumerreports.org\/recommendations\"><strong>CR Security Planner<\/strong><\/a>\u00a0<\/p><p>Anonym bleiben. Dies gilt sowohl f\u00fcr Ihre digitale als auch f\u00fcr Ihre analoge Umgebung. Verschl\u00fcsseln Sie Ihre Kommunikation (siehe unten) und verwenden Sie einen Computer, der nicht mit Ihnen pers\u00f6nlich in Verbindung gebracht werden kann. Achten Sie darauf, dass Sie Fotos vom Bildschirm und nicht die Originaldokumente verwenden.<\/p>\t\t\t\t\t\t\t\t<\/div>\n\t\t\t\t<\/div>\n\t\t\t\t<div class=\"elementor-element elementor-element-156cc5c elementor-widget elementor-widget-heading\" data-id=\"156cc5c\" data-element_type=\"widget\" data-e-type=\"widget\" data-widget_type=\"heading.default\">\n\t\t\t\t<div class=\"elementor-widget-container\">\n\t\t\t\t\t<h2 class=\"elementor-heading-title elementor-size-default\">Einige grundlegende und einfach zu verwendende Hilfsmittel zur Erh\u00f6hung Ihrer Sicherheit:<\/h2>\t\t\t\t<\/div>\n\t\t\t\t<\/div>\n\t\t\t\t<div class=\"elementor-element elementor-element-d3d1130 elementor-widget elementor-widget-text-editor\" data-id=\"d3d1130\" data-element_type=\"widget\" data-e-type=\"widget\" data-widget_type=\"text-editor.default\">\n\t\t\t\t<div class=\"elementor-widget-container\">\n\t\t\t\t\t\t\t\t\t<p>Die beste Option f\u00fcr das anonyme Surfen im Internet\u00a0 \u00a0 \u00a0 \u00a0 \u00a0 \u00a0 \u00a0 \u00a0 \u00a0 \u00a0 \u00a0 \u00a0 \u00a0 \u00a0 \u00a0 \u00a0<a href=\"https:\/\/www.torproject.org\/de\/download\/\"><strong>TOR Browser<\/strong><\/a><\/p><p>Ein sicherer Weg zur \u00dcbertragung gr\u00f6\u00dferer Dateien\u00a0 \u00a0 \u00a0 \u00a0 \u00a0 \u00a0 \u00a0 \u00a0 \u00a0 \u00a0 \u00a0 \u00a0 \u00a0 \u00a0 \u00a0 \u00a0 \u00a0<a href=\"https:\/\/onionshare.org\/\"><strong>OnionShare <\/strong><\/a>\u00a0\u00a0<\/p><p>Ein anonymes, portables Betriebssystem<strong>\u00a0 \u00a0 \u00a0 \u00a0 \u00a0 \u00a0 \u00a0 \u00a0 \u00a0 \u00a0 \u00a0 \u00a0 \u00a0 \u00a0 \u00a0 \u00a0 \u00a0 \u00a0 \u00a0 \u00a0 \u00a0 \u00a0 \u00a0 \u00a0 \u00a0 \u00a0 \u00a0 \u00a0 \u00a0 \u00a0 \u00a0 \u00a0<a href=\"https:\/\/tails.boum.org\/index.de.html\">Tails <\/a><\/strong>\u00a0<\/p><p>Eine sichere Kommunikationsplattform f\u00fcr Ihr Smartphone und Ihren Computer\u00a0 \u00a0 <a href=\"https:\/\/signal.org\/de\/\"><strong>Signal<\/strong><\/a><\/p><p>Ein Passwort-Manager mit vielen Funktionen\u00a0 \u00a0 \u00a0 \u00a0 \u00a0 \u00a0 \u00a0 \u00a0 \u00a0 \u00a0 \u00a0 \u00a0 \u00a0 \u00a0 \u00a0 \u00a0 \u00a0 \u00a0 \u00a0 \u00a0 \u00a0 \u00a0 \u00a0 \u00a0 \u00a0 \u00a0 \u00a0 \u00a0 \u00a0 \u00a0 \u00a0 \u00a0 <a href=\"https:\/\/keepass.info\/download.html\"><strong>KeePass<\/strong><\/a> \u00a0<\/p><p>Software zum Verschl\u00fcsseln und damit Unlesbarmachen von Dateien f\u00fcr Dritte\u00a0\u00a0\u00a0\u00a0\u00a0\u00a0\u00a0\u00a0\u00a0\u00a0\u00a0\u00a0\u00a0\u00a0\u00a0\u00a0 <a href=\"https:\/\/www.chip.de\/downloads\/VeraCrypt_70310496.html\"><strong>VeraCrypt<\/strong><\/a><\/p>\t\t\t\t\t\t\t\t<\/div>\n\t\t\t\t<\/div>\n\t\t\t\t<div class=\"elementor-element elementor-element-8e42984 elementor-widget elementor-widget-spacer\" data-id=\"8e42984\" data-element_type=\"widget\" data-e-type=\"widget\" data-widget_type=\"spacer.default\">\n\t\t\t\t<div class=\"elementor-widget-container\">\n\t\t\t\t\t\t\t<div class=\"elementor-spacer\">\n\t\t\t<div class=\"elementor-spacer-inner\"><\/div>\n\t\t<\/div>\n\t\t\t\t\t\t<\/div>\n\t\t\t\t<\/div>\n\t\t\t\t<div class=\"elementor-element elementor-element-402fa51 elementor-widget elementor-widget-heading\" data-id=\"402fa51\" data-element_type=\"widget\" data-e-type=\"widget\" data-widget_type=\"heading.default\">\n\t\t\t\t<div class=\"elementor-widget-container\">\n\t\t\t\t\t<h2 class=\"elementor-heading-title elementor-size-default\">Weitere Informationen:<\/h2>\t\t\t\t<\/div>\n\t\t\t\t<\/div>\n\t\t\t\t<div class=\"elementor-element elementor-element-64b9ac1 elementor-widget elementor-widget-text-editor\" data-id=\"64b9ac1\" data-element_type=\"widget\" data-e-type=\"widget\" data-widget_type=\"text-editor.default\">\n\t\t\t\t<div class=\"elementor-widget-container\">\n\t\t\t\t\t\t\t\t\t<ul><li><a href=\"https:\/\/freiheitsrechte.org\/suche?q=whistleblower\" data-cke-saved-href=\"https:\/\/freiheitsrechte.org\/suche?q=whistleblower\">https:\/\/freiheitsrechte.org\/suche?q=whistleblower<\/a><\/li><li><a href=\"https:\/\/www.whistleblower-net.de\/informationen\/faq-rechtslage\/\" data-cke-saved-href=\"https:\/\/www.whistleblower-net.de\/informationen\/faq-rechtslage\/\">https:\/\/www.whistleblower-net.de\/informationen\/faq-rechtslage\/<\/a><\/li><li><a href=\"https:\/\/ombudsman-fuer-die-wissenschaft.de\/3562\/weiterfuehrende-literatur-zum-thema-whistleblowing\/\" data-cke-saved-href=\"https:\/\/ombudsman-fuer-die-wissenschaft.de\/3562\/weiterfuehrende-literatur-zum-thema-whistleblowing\/\">https:\/\/ombudsman-fuer-die-wissenschaft.de\/3562\/weiterfuehrende-literatur-zum-thema-whistleblowing\/<\/a><\/li><\/ul>\t\t\t\t\t\t\t\t<\/div>\n\t\t\t\t<\/div>\n\t\t\t\t<div class=\"elementor-element elementor-element-032b3fc elementor-widget elementor-widget-heading\" data-id=\"032b3fc\" data-element_type=\"widget\" data-e-type=\"widget\" data-widget_type=\"heading.default\">\n\t\t\t\t<div class=\"elementor-widget-container\">\n\t\t\t\t\t<h2 class=\"elementor-heading-title elementor-size-default\">Einzelheiten zum Whistleblower Protection Act finden Sie hier:<\/h2>\t\t\t\t<\/div>\n\t\t\t\t<\/div>\n\t\t\t\t<div class=\"elementor-element elementor-element-23a363b elementor-widget elementor-widget-text-editor\" data-id=\"23a363b\" data-element_type=\"widget\" data-e-type=\"widget\" data-widget_type=\"text-editor.default\">\n\t\t\t\t<div class=\"elementor-widget-container\">\n\t\t\t\t\t\t\t\t\t<ul><li><a href=\"https:\/\/www.bundestag.de\/dokumente\/textarchiv\/2022\/kw50-de-hinweisgeber-926806\" data-cke-saved-href=\"https:\/\/www.bundestag.de\/dokumente\/textarchiv\/2022\/kw50-de-hinweisgeber-926806\">https:\/\/www.bundestag.de\/dokumente\/textarchiv\/2022\/kw50-de-hinweisgeber-926806<\/a><\/li><li>Pressemitteilung des Whistleblower Netzwerkes zur Verabschiedung des Hinweisgeberschutzgesetzes durch Bundestag\nund Bundesrat<\/li><\/ul>\t\t\t\t\t\t\t\t<\/div>\n\t\t\t\t<\/div>\n\t\t\t\t<div class=\"elementor-element elementor-element-44fd1b3 elementor-widget elementor-widget-download-button\" data-id=\"44fd1b3\" data-element_type=\"widget\" data-e-type=\"widget\" data-widget_type=\"download-button.default\">\n\t\t\t\t<div class=\"elementor-widget-container\">\n\t\t\t\t\t\t\t<div class=\"elementor-button-wrapper\">\n\t\t\t<a href=\"https:\/\/de.scientistrebellion.com\/wp-content\/uploads\/2023\/05\/Allenfalls-ein-Meilenstein-fur-den-Whistleblower.pdf\" class=\"elementor-button-link elementor-button elementor-size-sm\" download=\"\" role=\"button\">\n\t\t\t\t\t\t<span class=\"elementor-button-content-wrapper\">\n\t\t\t\t\t\t<span class=\"elementor-button-text\">download pdf<\/span>\n\t\t<\/span>\n\t\t\t\t\t<\/a>\n\t\t<\/div>\n\t\t\t\t\t\t<\/div>\n\t\t\t\t<\/div>\n\t\t\t\t<div class=\"elementor-element elementor-element-007012c elementor-widget elementor-widget-text-editor\" data-id=\"007012c\" data-element_type=\"widget\" data-e-type=\"widget\" data-widget_type=\"text-editor.default\">\n\t\t\t\t<div class=\"elementor-widget-container\">\n\t\t\t\t\t\t\t\t\t<ul><li><a href=\"https:\/\/ec.europa.eu\/newsroom\/just\/items\/620400\" data-cke-saved-href=\"https:\/\/ec.europa.eu\/newsroom\/just\/items\/620400\">EU whistleblower directive<\/a><\/li><\/ul>\t\t\t\t\t\t\t\t<\/div>\n\t\t\t\t<\/div>\n\t\t\t\t\t<\/div>\n\t\t<\/div>\n\t\t\t\t\t<\/div>\n\t\t<\/section>\n\t\t\t\t<section class=\"elementor-section elementor-top-section elementor-element elementor-element-794c082 elementor-section-boxed elementor-section-height-default elementor-section-height-default\" data-id=\"794c082\" data-element_type=\"section\" data-e-type=\"section\">\n\t\t\t\t\t\t<div class=\"elementor-container elementor-column-gap-default\">\n\t\t\t\t\t<div class=\"elementor-column elementor-col-100 elementor-top-column elementor-element elementor-element-c56daef\" data-id=\"c56daef\" data-element_type=\"column\" data-e-type=\"column\">\n\t\t\t<div class=\"elementor-widget-wrap elementor-element-populated\">\n\t\t\t\t\t\t<div class=\"elementor-element elementor-element-f8655d0 elementor-widget elementor-widget-heading\" data-id=\"f8655d0\" data-element_type=\"widget\" data-e-type=\"widget\" data-widget_type=\"heading.default\">\n\t\t\t\t<div class=\"elementor-widget-container\">\n\t\t\t\t\t<h2 class=\"elementor-heading-title elementor-size-default\">Lesenswert<\/h2>\t\t\t\t<\/div>\n\t\t\t\t<\/div>\n\t\t\t\t<div class=\"elementor-element elementor-element-a30ef7b elementor-widget elementor-widget-text-editor\" data-id=\"a30ef7b\" data-element_type=\"widget\" data-e-type=\"widget\" data-widget_type=\"text-editor.default\">\n\t\t\t\t<div class=\"elementor-widget-container\">\n\t\t\t\t\t\t\t\t\t<p>Buch: \u2018Whistleblowing for Change\u2019 von Tatiana Bazzichelli, erh\u00e4ltlich als <a href=\"https:\/\/www.transcript-verlag.de\/978-3-8376-5793-7\/whistleblowing-for-change\/?c=310000099&amp;number=978-3-7328-5793-7\">kostenloses PDF<\/a>.<\/p>\t\t\t\t\t\t\t\t<\/div>\n\t\t\t\t<\/div>\n\t\t\t\t\t<\/div>\n\t\t<\/div>\n\t\t\t\t\t<\/div>\n\t\t<\/section>\n\t\t\t\t<section class=\"elementor-section elementor-top-section elementor-element elementor-element-eef6d61 elementor-section-boxed elementor-section-height-default elementor-section-height-default\" data-id=\"eef6d61\" data-element_type=\"section\" data-e-type=\"section\">\n\t\t\t\t\t\t<div class=\"elementor-container elementor-column-gap-default\">\n\t\t\t\t\t<div class=\"elementor-column elementor-col-100 elementor-top-column elementor-element elementor-element-bd287d3\" data-id=\"bd287d3\" data-element_type=\"column\" data-e-type=\"column\">\n\t\t\t<div class=\"elementor-widget-wrap elementor-element-populated\">\n\t\t\t\t\t\t<div class=\"elementor-element elementor-element-304e256 elementor-widget elementor-widget-spacer\" data-id=\"304e256\" data-element_type=\"widget\" data-e-type=\"widget\" data-widget_type=\"spacer.default\">\n\t\t\t\t<div class=\"elementor-widget-container\">\n\t\t\t\t\t\t\t<div class=\"elementor-spacer\">\n\t\t\t<div class=\"elementor-spacer-inner\"><\/div>\n\t\t<\/div>\n\t\t\t\t\t\t<\/div>\n\t\t\t\t<\/div>\n\t\t\t\t<div class=\"elementor-element elementor-element-a9958fe elementor-widget elementor-widget-heading\" data-id=\"a9958fe\" data-element_type=\"widget\" data-e-type=\"widget\" data-widget_type=\"heading.default\">\n\t\t\t\t<div class=\"elementor-widget-container\">\n\t\t\t\t\t<h2 class=\"elementor-heading-title elementor-size-medium\">Wir haben den IPCC Bericht geleakt<\/h2>\t\t\t\t<\/div>\n\t\t\t\t<\/div>\n\t\t\t\t<div class=\"elementor-element elementor-element-14f4dd9 elementor-widget elementor-widget-text-editor\" data-id=\"14f4dd9\" data-element_type=\"widget\" data-e-type=\"widget\" data-widget_type=\"text-editor.default\">\n\t\t\t\t<div class=\"elementor-widget-container\">\n\t\t\t\t\t\t\t\t\t<p>Finde mehr Info und den Text <a href=\"https:\/\/scientistrebellion.org\/about-us\/leaked-ipcc-report\/\">hier<\/a><\/p>\t\t\t\t\t\t\t\t<\/div>\n\t\t\t\t<\/div>\n\t\t\t\t\t<\/div>\n\t\t<\/div>\n\t\t\t\t\t<\/div>\n\t\t<\/section>\n\t\t\t\t<\/div>","protected":false},"excerpt":{"rendered":"<p>&#8220;Whistleblowing presents a critical perspective on both how to challenge power dynamics and how to expose social injustices and wrongdoing.&#8221;\u00a0 &#8220;Whistleblowing is presented as an act of &#8220;disruption&#8221;, which is able to provoke the unexpected within closed systems.&#8221; (&#8216;Whistleblowing for Change&#8217; by Tatiana Bazzichelli) Science Warnings &#8211; Publicising Misconduct If you experience or witness that&hellip; <br \/> <a class=\"read-more\" href=\"https:\/\/scientistrebellion.de\/de\/whistleblowing\/\">Weiterlesen<\/a><\/p>","protected":false},"author":2,"featured_media":0,"parent":0,"menu_order":0,"comment_status":"closed","ping_status":"closed","template":"","meta":{"footnotes":""},"class_list":["post-164","page","type-page","status-publish","hentry"],"_links":{"self":[{"href":"https:\/\/scientistrebellion.de\/de\/wp-json\/wp\/v2\/pages\/164","targetHints":{"allow":["GET"]}}],"collection":[{"href":"https:\/\/scientistrebellion.de\/de\/wp-json\/wp\/v2\/pages"}],"about":[{"href":"https:\/\/scientistrebellion.de\/de\/wp-json\/wp\/v2\/types\/page"}],"author":[{"embeddable":true,"href":"https:\/\/scientistrebellion.de\/de\/wp-json\/wp\/v2\/users\/2"}],"replies":[{"embeddable":true,"href":"https:\/\/scientistrebellion.de\/de\/wp-json\/wp\/v2\/comments?post=164"}],"version-history":[{"count":31,"href":"https:\/\/scientistrebellion.de\/de\/wp-json\/wp\/v2\/pages\/164\/revisions"}],"predecessor-version":[{"id":333,"href":"https:\/\/scientistrebellion.de\/de\/wp-json\/wp\/v2\/pages\/164\/revisions\/333"}],"wp:attachment":[{"href":"https:\/\/scientistrebellion.de\/de\/wp-json\/wp\/v2\/media?parent=164"}],"curies":[{"name":"wp","href":"https:\/\/api.w.org\/{rel}","templated":true}]}}