{"id":2340,"date":"2024-06-22T23:44:03","date_gmt":"2024-06-22T21:44:03","guid":{"rendered":"https:\/\/scientistrebellion.de\/?page_id=2340"},"modified":"2024-08-16T07:54:50","modified_gmt":"2024-08-16T05:54:50","slug":"l0q8hl4uj1291mw0vwl8rcpyd85s2c26","status":"publish","type":"page","link":"https:\/\/scientistrebellion.de\/de\/l0q8hl4uj1291mw0vwl8rcpyd85s2c26\/","title":{"rendered":"QR-code &#8211; blinded or gagged statue &#8211; IPCC &#8211; criminalization"},"content":{"rendered":"<div data-elementor-type=\"wp-page\" data-elementor-id=\"2340\" class=\"elementor elementor-2340\">\n\t\t\t\t\t\t<section class=\"elementor-section elementor-top-section elementor-element elementor-element-3006742 elementor-section-boxed elementor-section-height-default elementor-section-height-default\" data-id=\"3006742\" data-element_type=\"section\" data-e-type=\"section\">\n\t\t\t\t\t\t<div class=\"elementor-container elementor-column-gap-default\">\n\t\t\t\t\t<div class=\"elementor-column elementor-col-100 elementor-top-column elementor-element elementor-element-e1fc539\" data-id=\"e1fc539\" data-element_type=\"column\" data-e-type=\"column\">\n\t\t\t<div class=\"elementor-widget-wrap elementor-element-populated\">\n\t\t\t\t\t\t<div class=\"elementor-element elementor-element-c8b62e2 elementor-widget elementor-widget-heading\" data-id=\"c8b62e2\" data-element_type=\"widget\" data-e-type=\"widget\" data-widget_type=\"heading.default\">\n\t\t\t\t<div class=\"elementor-widget-container\">\n\t\t\t\t\t<h2 class=\"elementor-heading-title elementor-size-default\">Die wissenschaftlichen Erkenntnisse sind eindeutig - warum ignorieren wir sie?<\/h2>\t\t\t\t<\/div>\n\t\t\t\t<\/div>\n\t\t\t\t<div class=\"elementor-element elementor-element-84c674d elementor-widget elementor-widget-image\" data-id=\"84c674d\" data-element_type=\"widget\" data-e-type=\"widget\" data-widget_type=\"image.default\">\n\t\t\t\t<div class=\"elementor-widget-container\">\n\t\t\t\t\t\t\t\t\t\t\t\t\t\t\t\t<a href=\"https:\/\/scientistrebellion.de\/wp-content\/uploads\/2024\/06\/ClimateInactionWarmingStripes.jpg\" data-elementor-open-lightbox=\"no\">\n\t\t\t\t\t\t\t<img decoding=\"async\" src=\"https:\/\/scientistrebellion.de\/wp-content\/uploads\/elementor\/thumbs\/ClimateInactionWarmingStripes-qqdnjlbkt50uj115qjpq7x2m2ica0u4xstwmdo849s.jpg\" title=\"ClimateInactionWarmingStripes\" alt=\"The &quot;Climate Inaction Warming Stripes&quot;\" loading=\"lazy\" \/>\t\t\t\t\t\t\t\t<\/a>\n\t\t\t\t\t\t\t\t\t\t\t\t\t\t\t<\/div>\n\t\t\t\t<\/div>\n\t\t\t\t<div class=\"elementor-element elementor-element-663ff30 elementor-widget elementor-widget-text-editor\" data-id=\"663ff30\" data-element_type=\"widget\" data-e-type=\"widget\" data-widget_type=\"text-editor.default\">\n\t\t\t\t<div class=\"elementor-widget-container\">\n\t\t\t\t\t\t\t\t\t<p>Die \"<em>Climate Inaction Warming Stripes<\/em>&#8220;<\/p>\t\t\t\t\t\t\t\t<\/div>\n\t\t\t\t<\/div>\n\t\t\t\t\t<\/div>\n\t\t<\/div>\n\t\t\t\t\t<\/div>\n\t\t<\/section>\n\t\t\t\t<section class=\"elementor-section elementor-top-section elementor-element elementor-element-44c30940 elementor-section-boxed elementor-section-height-default elementor-section-height-default\" data-id=\"44c30940\" data-element_type=\"section\" data-e-type=\"section\">\n\t\t\t\t\t\t<div class=\"elementor-container elementor-column-gap-default\">\n\t\t\t\t\t<div class=\"elementor-column elementor-col-100 elementor-top-column elementor-element elementor-element-19029788\" data-id=\"19029788\" data-element_type=\"column\" data-e-type=\"column\">\n\t\t\t<div class=\"elementor-widget-wrap elementor-element-populated\">\n\t\t\t\t\t\t<div class=\"elementor-element elementor-element-ac8f95c elementor-widget elementor-widget-spacer\" data-id=\"ac8f95c\" data-element_type=\"widget\" data-e-type=\"widget\" data-widget_type=\"spacer.default\">\n\t\t\t\t<div class=\"elementor-widget-container\">\n\t\t\t\t\t\t\t<div class=\"elementor-spacer\">\n\t\t\t<div class=\"elementor-spacer-inner\"><\/div>\n\t\t<\/div>\n\t\t\t\t\t\t<\/div>\n\t\t\t\t<\/div>\n\t\t\t\t<div class=\"elementor-element elementor-element-139203ba elementor-widget elementor-widget-text-editor\" data-id=\"139203ba\" data-element_type=\"widget\" data-e-type=\"widget\" data-widget_type=\"text-editor.default\">\n\t\t\t\t<div class=\"elementor-widget-container\">\n\t\t\t\t\t\t\t\t\t<p data-pm-slice=\"1 1 []\" class=\"translation-block\">Sie haben diese Seite erreicht, weil Sie einen QR Code gescannt haben, der auf einem Schild bei einer Statue mit einer Augen- oder einer Mundbinde zu finden war. Auf der Binde ist \u201e<strong>IPCC<\/strong>\u201c zu lesen. Damit wird auf die Berichte hingewiesen, die vom Intergovernmental Panel on Climate Change, einem internationalen Verbund von Wissenschaftlerinnen und Wissenschaftlern, herausgegeben werden. Diese Berichte fassen den aktuellen Stand der Forschung zum Klimawandel zusammen und entwickeln auf dieser Grundlage Szenarien, anhand deren die Politik weltweit \u2013 und besonders in den stark CO2-emittierenden L\u00e4ndern des globalen Nordens \u2013 die \u00fcberf\u00e4llig gewordene soziale und wirtschaftliche Transformation in die Wege leiten kann, die das Weiterbestehen unseres Planeten sicherstellen k\u00f6nnte.<\/p><p>Die IPCC Berichte sowie deren Zusammenfassungen f\u00fcr die Politik sind nachzulesen unter: <a href=\"https:\/\/www.ipcc.ch\/reports\/\" rel=\"noopener noreferrer nofollow\">https:\/\/www.ipcc.ch\/reports\/<\/a><\/p><p data-pm-slice=\"1 1 []\">Die IPCC Berichte wurden im letzten Jahrzehnt regelm\u00e4\u00dfig ver\u00f6ffentlicht, ohne dass die Politik sich ernsthaft mit ihren Erkenntnissen, weniger noch mit deren Umsetzung, auseinandergesetzt hat. Weder Medien noch B\u00fcrgerinnen und B\u00fcrger haben den dazu notwendigen Druck ausge\u00fcbt. Als Europ\u00e4erinnen und Europ\u00e4er sehen wir uns als vern\u00fcnftige, l\u00f6sungsorientierte Menschen, w\u00e4hrend wir tats\u00e4chlich das Ausma\u00df der Katastrophe ignorieren und nicht so handeln, wie wir es m\u00fcssten, um ihr zu entgehen. Die Katastrophe l\u00e4uft aus dem Ruder und wird immer zerst\u00f6rerischer, w\u00e4hrend wir sie weiterhin ignorieren!<\/p><p><strong>Warum verbinden wir Statuen die Augen oder den Mund?<\/strong><\/p><p data-pm-slice=\"1 1 []\">Statues erected in the public space express recognition of a political, economical, artistic influence on our society. They represent people who symbolize a form of power. By blindfolding them, we want to denounce how influential personae keep ignoring the reality of the climate and biodiversity crises as well as the transformative solutions proposed in the IPCC reports. Some statues are also gagged, showing how those raising the alarm have been silenced and dismissed for decades.<\/p><p data-pm-slice=\"1 1 []\"><strong>Criminalization<\/strong><\/p><p data-pm-slice=\"1 1 []\">In Europa werden Umweltorganisationen, die von Politiker:innen verlangen, wissenschaftliche Erkenntnisse anzuerkennen und entsprechend zu handeln, zunehmend vom Staat unterdr\u00fcckt und kriminalisiert.<\/p><p data-pm-slice=\"1 1 []\">In den vergangenen Jahren haben sie bei gewaltfreien Aktionen zivilen Ungehorsams zunehmende Polizeigewalt erlebt. In Deutschland werden Versuche einer systematischen Kriminalisierung von Klimagruppen immer h\u00e4ufiger. <a href=\"https:\/\/raz-ev.org\/menschen-gegen-oel-anklageerhebung-im-verfahren-wegen-bildung-einer-kriminellen-vereinigung\/\" rel=\"noopener noreferrer nofollow\">Four members of &#8220;Letzte Generation&#8221; are officially accused to have formed a criminal union<\/a> unterliegt deutschem Recht (\u00a7129 StGB). Eine kurze Zusammenfassung von Prof. Dr. Roland Hefendehl, warum \u00a7129 in solchen F\u00e4llen problematisch ist, finden Sie <a href=\"https:\/\/raz-ev.org\/neun-thesen-zum-%C2%A7-129-stgb-von-prof-dr-roland-hefendehl\/\" rel=\"noopener noreferrer nofollow\">hier<\/a> (auf Deutsch). Ein weiterer aktueller Fall ist die Einstufung von \u201eEnde Gel\u00e4nde\u201c als <a href=\"https:\/\/raz-ev.org\/neun-thesen-zum-%C2%A7-129-stgb-von-prof-dr-roland-hefendehl\/\" rel=\"noopener noreferrer nofollow\">ein Verdachtsfall von extremer Linksextremismus<\/a> by the Federal Office for the Protection of the Constitution. In the UK, <a href=\"https:\/\/www.theguardian.com\/uk-news\/article\/2024\/jun\/28\/just-stop-oil-activists-arrested-suspicion-planning-disrupt-airports\" rel=\"noopener noreferrer nofollow\">Aktivisten von Just Stop Oil wurden wegen des Verdachts der Planung von Aktionen festgenommen.<\/a>.<\/p><p><strong>Warum ist das wichtig?<\/strong><\/p><p data-pm-slice=\"1 1 []\">The most effective means of achieving systemic change in modern history is through non-violent civil resistance, as did Gandhi\u2019s\u00a0Civil disobedience movement in India, or Claudette Colvin &amp; Rosa Parks (and many more)\u00a0fighting against segregation in the United States.<\/p><p data-pm-slice=\"1 1 []\">We\u00a0call on academics, scientists, and the public to join us in civil disobedience to demand emergency decarbonisation and <a href=\"https:\/\/degrowth.info\/en\/degrowth\" rel=\"noopener noreferrer nofollow\">degrowth<\/a>, facilitated by wealth redistribution.<\/p><p><strong>Wer sind wir?<\/strong><\/p><p data-pm-slice=\"1 1 []\">We are Scientist Rebellion: Academics active in the scientific community in Germany and beyond, who step up for climate justice using non-violent civil disobedience.<\/p><p>Mehr Informationen \u00fcber uns finden Sie <a href=\"\/de\/\" target=\"_blank\" rel=\"noopener\">hier<\/a>.<\/p>\t\t\t\t\t\t\t\t<\/div>\n\t\t\t\t<\/div>\n\t\t\t\t\t<\/div>\n\t\t<\/div>\n\t\t\t\t\t<\/div>\n\t\t<\/section>\n\t\t\t\t<\/div>","protected":false},"excerpt":{"rendered":"<p>The science is clear &#8211; why are we ignoring it? The &#8220;Climate Inaction Warming Stripes&#8220; You have come across this page because you scanned the QR code on a sign hanging by a blindfolded or gagged statue. The text on the blindfold reads \u201cIPCC\u201d and refers to reports on climate change put together by hundreds&hellip; <br \/> <a class=\"read-more\" href=\"https:\/\/scientistrebellion.de\/de\/l0q8hl4uj1291mw0vwl8rcpyd85s2c26\/\">Weiterlesen<\/a><\/p>","protected":false},"author":4,"featured_media":0,"parent":0,"menu_order":0,"comment_status":"closed","ping_status":"closed","template":"","meta":{"footnotes":""},"class_list":["post-2340","page","type-page","status-publish","hentry"],"_links":{"self":[{"href":"https:\/\/scientistrebellion.de\/de\/wp-json\/wp\/v2\/pages\/2340","targetHints":{"allow":["GET"]}}],"collection":[{"href":"https:\/\/scientistrebellion.de\/de\/wp-json\/wp\/v2\/pages"}],"about":[{"href":"https:\/\/scientistrebellion.de\/de\/wp-json\/wp\/v2\/types\/page"}],"author":[{"embeddable":true,"href":"https:\/\/scientistrebellion.de\/de\/wp-json\/wp\/v2\/users\/4"}],"replies":[{"embeddable":true,"href":"https:\/\/scientistrebellion.de\/de\/wp-json\/wp\/v2\/comments?post=2340"}],"version-history":[{"count":67,"href":"https:\/\/scientistrebellion.de\/de\/wp-json\/wp\/v2\/pages\/2340\/revisions"}],"predecessor-version":[{"id":2953,"href":"https:\/\/scientistrebellion.de\/de\/wp-json\/wp\/v2\/pages\/2340\/revisions\/2953"}],"wp:attachment":[{"href":"https:\/\/scientistrebellion.de\/de\/wp-json\/wp\/v2\/media?parent=2340"}],"curies":[{"name":"wp","href":"https:\/\/api.w.org\/{rel}","templated":true}]}}