{"id":3391,"date":"2025-01-17T22:32:58","date_gmt":"2025-01-17T21:32:58","guid":{"rendered":"https:\/\/scientistrebellion.de\/?page_id=3391"},"modified":"2026-03-13T12:00:35","modified_gmt":"2026-03-13T11:00:35","slug":"blind-spot-intervention-an-exhibit","status":"publish","type":"page","link":"https:\/\/scientistrebellion.de\/de\/blind-spot-intervention-an-exhibit\/","title":{"rendered":"\"Blind Spot Intervention\": Eine Ausstellung"},"content":{"rendered":"<div data-elementor-type=\"wp-page\" data-elementor-id=\"3391\" class=\"elementor elementor-3391\">\n\t\t\t\t\t\t<section class=\"elementor-section elementor-top-section elementor-element elementor-element-d1f5d1f elementor-section-boxed elementor-section-height-default elementor-section-height-default\" data-id=\"d1f5d1f\" data-element_type=\"section\" data-e-type=\"section\">\n\t\t\t\t\t\t<div class=\"elementor-container elementor-column-gap-default\">\n\t\t\t\t\t<div class=\"elementor-column elementor-col-100 elementor-top-column elementor-element elementor-element-925ac1d\" data-id=\"925ac1d\" data-element_type=\"column\" data-e-type=\"column\">\n\t\t\t<div class=\"elementor-widget-wrap elementor-element-populated\">\n\t\t\t\t\t\t<div class=\"elementor-element elementor-element-73b4dcb elementor-widget elementor-widget-heading\" data-id=\"73b4dcb\" data-element_type=\"widget\" data-e-type=\"widget\" data-widget_type=\"heading.default\">\n\t\t\t\t<div class=\"elementor-widget-container\">\n\t\t\t\t\t<h1 class=\"elementor-heading-title elementor-size-default\">Blind Spot Intervention<\/h1>\t\t\t\t<\/div>\n\t\t\t\t<\/div>\n\t\t\t\t\t<\/div>\n\t\t<\/div>\n\t\t\t\t\t<\/div>\n\t\t<\/section>\n\t\t\t\t<section class=\"elementor-section elementor-top-section elementor-element elementor-element-d364b4d elementor-section-boxed elementor-section-height-default elementor-section-height-default\" data-id=\"d364b4d\" data-element_type=\"section\" data-e-type=\"section\">\n\t\t\t\t\t\t<div class=\"elementor-container elementor-column-gap-default\">\n\t\t\t\t\t<div class=\"elementor-column elementor-col-100 elementor-top-column elementor-element elementor-element-604f8a1\" data-id=\"604f8a1\" data-element_type=\"column\" data-e-type=\"column\">\n\t\t\t<div class=\"elementor-widget-wrap elementor-element-populated\">\n\t\t\t\t\t\t<div class=\"elementor-element elementor-element-27e0872 elementor-widget elementor-widget-text-editor\" data-id=\"27e0872\" data-element_type=\"widget\" data-e-type=\"widget\" data-widget_type=\"text-editor.default\">\n\t\t\t\t<div class=\"elementor-widget-container\">\n\t\t\t\t\t\t\t\t\t<h2>Eine Ausstellung<\/h2>\t\t\t\t\t\t\t\t<\/div>\n\t\t\t\t<\/div>\n\t\t\t\t\t<\/div>\n\t\t<\/div>\n\t\t\t\t\t<\/div>\n\t\t<\/section>\n\t\t\t\t<section class=\"elementor-section elementor-top-section elementor-element elementor-element-6f975d8 elementor-section-boxed elementor-section-height-default elementor-section-height-default\" data-id=\"6f975d8\" data-element_type=\"section\" data-e-type=\"section\">\n\t\t\t\t\t\t<div class=\"elementor-container elementor-column-gap-default\">\n\t\t\t\t\t<div class=\"elementor-column elementor-col-100 elementor-top-column elementor-element elementor-element-c356d0b\" data-id=\"c356d0b\" data-element_type=\"column\" data-e-type=\"column\">\n\t\t\t<div class=\"elementor-widget-wrap elementor-element-populated\">\n\t\t\t\t\t\t<div class=\"elementor-element elementor-element-f42c0f2 elementor-widget elementor-widget-text-editor\" data-id=\"f42c0f2\" data-element_type=\"widget\" data-e-type=\"widget\" data-widget_type=\"text-editor.default\">\n\t\t\t\t<div class=\"elementor-widget-container\">\n\t\t\t\t\t\t\t\t\t<p>Was haben Wissenschaftlerinnen und Wissenschaftler mit Statuen zu tun? Auf den ersten Blick nicht viel. Statuen stehen im \u00f6ffentlichen Raum und erinnern an einflussreiche Pers\u00f6nlichkeiten der Vergangenheit, w\u00e4hrend Wissenschaftlerinnen und Wissenschaftler meist in ihren B\u00fcros oder Laboren arbeiten\u2026 Doch nicht alle Wissenschaffende bleiben nur noch an ihrem Arbeitsplatz. Einige suchen nach neuen Wegen, um das gesellschaftliche Bewusstsein f\u00fcr das zu sch\u00e4rfen, was wissenschaftliche Erkenntnisse seit Jahrzehnten best\u00e4tigen: Wir befinden uns mitten in einer unumkehrbaren Klimakatastrophe und einem verheerenden Verlust der Biodiversit\u00e4t. Diese Entwicklungen verst\u00e4rken Ungerechtigkeiten und schr\u00e4nken Freiheit, Gesundheit sowie das allgemeine Wohlbefinden ein.<\/p>\t\t\t\t\t\t\t\t<\/div>\n\t\t\t\t<\/div>\n\t\t\t\t\t<\/div>\n\t\t<\/div>\n\t\t\t\t\t<\/div>\n\t\t<\/section>\n\t\t\t\t<section class=\"elementor-section elementor-top-section elementor-element elementor-element-747b69b elementor-section-boxed elementor-section-height-default elementor-section-height-default\" data-id=\"747b69b\" data-element_type=\"section\" data-e-type=\"section\">\n\t\t\t\t\t\t<div class=\"elementor-container elementor-column-gap-default\">\n\t\t\t\t\t<div class=\"elementor-column elementor-col-100 elementor-top-column elementor-element elementor-element-1bebe64\" data-id=\"1bebe64\" data-element_type=\"column\" data-e-type=\"column\">\n\t\t\t<div class=\"elementor-widget-wrap elementor-element-populated\">\n\t\t\t\t\t\t<div class=\"elementor-element elementor-element-9e315eb elementor-widget elementor-widget-text-editor\" data-id=\"9e315eb\" data-element_type=\"widget\" data-e-type=\"widget\" data-widget_type=\"text-editor.default\">\n\t\t\t\t<div class=\"elementor-widget-container\">\n\t\t\t\t\t\t\t\t\t<p>Wenn wir einer Statue die Augen verbinden oder ihr den Mund stopfen, bringen wir damit unsere Wut \u00fcber die Passivit\u00e4t der \u00f6ffentlichen Hand zum Ausdruck \u2013 in einer Zeit, in der tiefgreifende, rasche und nachhaltige politische Ma\u00dfnahmen erforderlich sind, um Leben zu retten. Tats\u00e4chlich wird die \u00f6kologische Krise vom allgemeinen wissenschaftlichen Konsens seit langem als Notfall und als dringende Notwendigkeit eingestuft.<\/p>\t\t\t\t\t\t\t\t<\/div>\n\t\t\t\t<\/div>\n\t\t\t\t<div class=\"elementor-element elementor-element-5a2db54 elementor-widget elementor-widget-spacer\" data-id=\"5a2db54\" data-element_type=\"widget\" data-e-type=\"widget\" data-widget_type=\"spacer.default\">\n\t\t\t\t<div class=\"elementor-widget-container\">\n\t\t\t\t\t\t\t<div class=\"elementor-spacer\">\n\t\t\t<div class=\"elementor-spacer-inner\"><\/div>\n\t\t<\/div>\n\t\t\t\t\t\t<\/div>\n\t\t\t\t<\/div>\n\t\t\t\t\t<\/div>\n\t\t<\/div>\n\t\t\t\t\t<\/div>\n\t\t<\/section>\n\t\t\t\t<section class=\"elementor-section elementor-top-section elementor-element elementor-element-7b3bd31 elementor-section-boxed elementor-section-height-default elementor-section-height-default\" data-id=\"7b3bd31\" data-element_type=\"section\" data-e-type=\"section\">\n\t\t\t\t\t\t<div class=\"elementor-container elementor-column-gap-default\">\n\t\t\t\t\t<div class=\"elementor-column elementor-col-100 elementor-top-column elementor-element elementor-element-e4e8ee0\" data-id=\"e4e8ee0\" data-element_type=\"column\" data-e-type=\"column\">\n\t\t\t<div class=\"elementor-widget-wrap elementor-element-populated\">\n\t\t\t\t\t\t<section class=\"elementor-section elementor-inner-section elementor-element elementor-element-e1d7063 elementor-section-boxed elementor-section-height-default elementor-section-height-default\" data-id=\"e1d7063\" data-element_type=\"section\" data-e-type=\"section\">\n\t\t\t\t\t\t<div class=\"elementor-container elementor-column-gap-default\">\n\t\t\t\t\t<div class=\"elementor-column elementor-col-50 elementor-inner-column elementor-element elementor-element-00b2951\" data-id=\"00b2951\" data-element_type=\"column\" data-e-type=\"column\">\n\t\t\t<div class=\"elementor-widget-wrap elementor-element-populated\">\n\t\t\t\t\t\t<div class=\"elementor-element elementor-element-0327132 elementor-widget elementor-widget-text-editor\" data-id=\"0327132\" data-element_type=\"widget\" data-e-type=\"widget\" data-widget_type=\"text-editor.default\">\n\t\t\t\t<div class=\"elementor-widget-container\">\n\t\t\t\t\t\t\t\t\t<p>&#8220;<strong>H\u00f6rt auf die Wissenschaft<\/strong>!\" ist das Motto der ersten Fotoserie, die Statuen ber\u00fchmter  Wissenschaftlerinnen und Wissenschaftler mit Knebeln zeigt. Obwohl Wissenschaffende seit Jahrzehnten \u00fcber die Krise aufkl\u00e4ren, sorgen politische Interessen und Lobbyismus daf\u00fcr, dass unbequeme wissenschaftliche Erkenntnisse unh\u00f6rbar bleiben.<\/p><p><a href=\"https:\/\/scientistrebellion.de\/de\/blind-spot-intervention-wall-listen-to-science\/\">Mehr zur Fotoserie \"H\u00f6re auf die Wissenschaft\"<\/a><\/p>\t\t\t\t\t\t\t\t<\/div>\n\t\t\t\t<\/div>\n\t\t\t\t\t<\/div>\n\t\t<\/div>\n\t\t\t\t<div class=\"elementor-column elementor-col-50 elementor-inner-column elementor-element elementor-element-74e47a7\" data-id=\"74e47a7\" data-element_type=\"column\" data-e-type=\"column\">\n\t\t\t<div class=\"elementor-widget-wrap elementor-element-populated\">\n\t\t\t\t\t\t<div class=\"elementor-element elementor-element-f962adc elementor-widget elementor-widget-image\" data-id=\"f962adc\" data-element_type=\"widget\" data-e-type=\"widget\" data-widget_type=\"image.default\">\n\t\t\t\t<div class=\"elementor-widget-container\">\n\t\t\t\t\t\t\t\t\t\t\t\t\t\t\t<img fetchpriority=\"high\" decoding=\"async\" width=\"200\" height=\"300\" src=\"https:\/\/scientistrebellion.de\/wp-content\/uploads\/2026\/03\/Prio-1-200x300.jpeg\" class=\"attachment-medium size-medium wp-image-3790\" alt=\"\" srcset=\"https:\/\/scientistrebellion.de\/wp-content\/uploads\/2026\/03\/Prio-1-200x300.jpeg 200w, https:\/\/scientistrebellion.de\/wp-content\/uploads\/2026\/03\/Prio-1-683x1024.jpeg 683w, https:\/\/scientistrebellion.de\/wp-content\/uploads\/2026\/03\/Prio-1-768x1152.jpeg 768w, https:\/\/scientistrebellion.de\/wp-content\/uploads\/2026\/03\/Prio-1-1024x1536.jpeg 1024w, https:\/\/scientistrebellion.de\/wp-content\/uploads\/2026\/03\/Prio-1-1365x2048.jpeg 1365w, https:\/\/scientistrebellion.de\/wp-content\/uploads\/2026\/03\/Prio-1-8x12.jpeg 8w, https:\/\/scientistrebellion.de\/wp-content\/uploads\/2026\/03\/Prio-1-720x1080.jpeg 720w, https:\/\/scientistrebellion.de\/wp-content\/uploads\/2026\/03\/Prio-1-1320x1980.jpeg 1320w, https:\/\/scientistrebellion.de\/wp-content\/uploads\/2026\/03\/Prio-1-scaled.jpeg 1707w\" sizes=\"(max-width: 200px) 100vw, 200px\" \/>\t\t\t\t\t\t\t\t\t\t\t\t\t\t\t<\/div>\n\t\t\t\t<\/div>\n\t\t\t\t\t<\/div>\n\t\t<\/div>\n\t\t\t\t\t<\/div>\n\t\t<\/section>\n\t\t\t\t<div class=\"elementor-element elementor-element-7760121 elementor-widget-divider--view-line elementor-widget elementor-widget-divider\" data-id=\"7760121\" data-element_type=\"widget\" data-e-type=\"widget\" data-widget_type=\"divider.default\">\n\t\t\t\t<div class=\"elementor-widget-container\">\n\t\t\t\t\t\t\t<div class=\"elementor-divider\">\n\t\t\t<span class=\"elementor-divider-separator\">\n\t\t\t\t\t\t<\/span>\n\t\t<\/div>\n\t\t\t\t\t\t<\/div>\n\t\t\t\t<\/div>\n\t\t\t\t<section class=\"elementor-section elementor-inner-section elementor-element elementor-element-4aab812 elementor-section-boxed elementor-section-height-default elementor-section-height-default\" data-id=\"4aab812\" data-element_type=\"section\" data-e-type=\"section\">\n\t\t\t\t\t\t<div class=\"elementor-container elementor-column-gap-default\">\n\t\t\t\t\t<div class=\"elementor-column elementor-col-50 elementor-inner-column elementor-element elementor-element-2217651\" data-id=\"2217651\" data-element_type=\"column\" data-e-type=\"column\">\n\t\t\t<div class=\"elementor-widget-wrap elementor-element-populated\">\n\t\t\t\t\t\t<div class=\"elementor-element elementor-element-92a494b elementor-widget elementor-widget-image\" data-id=\"92a494b\" data-element_type=\"widget\" data-e-type=\"widget\" data-widget_type=\"image.default\">\n\t\t\t\t<div class=\"elementor-widget-container\">\n\t\t\t\t\t\t\t\t\t\t\t\t\t\t\t<img decoding=\"async\" width=\"1024\" height=\"682\" src=\"https:\/\/scientistrebellion.de\/wp-content\/uploads\/2025\/01\/03_BIG_Maico_BearAtDawn-1024x682.jpg\" class=\"attachment-large size-large wp-image-3394\" alt=\"\" srcset=\"https:\/\/scientistrebellion.de\/wp-content\/uploads\/2025\/01\/03_BIG_Maico_BearAtDawn-1024x682.jpg 1024w, https:\/\/scientistrebellion.de\/wp-content\/uploads\/2025\/01\/03_BIG_Maico_BearAtDawn-300x200.jpg 300w, https:\/\/scientistrebellion.de\/wp-content\/uploads\/2025\/01\/03_BIG_Maico_BearAtDawn-768x512.jpg 768w, https:\/\/scientistrebellion.de\/wp-content\/uploads\/2025\/01\/03_BIG_Maico_BearAtDawn-1536x1024.jpg 1536w, https:\/\/scientistrebellion.de\/wp-content\/uploads\/2025\/01\/03_BIG_Maico_BearAtDawn-18x12.jpg 18w, https:\/\/scientistrebellion.de\/wp-content\/uploads\/2025\/01\/03_BIG_Maico_BearAtDawn-1620x1080.jpg 1620w, https:\/\/scientistrebellion.de\/wp-content\/uploads\/2025\/01\/03_BIG_Maico_BearAtDawn-1320x880.jpg 1320w, https:\/\/scientistrebellion.de\/wp-content\/uploads\/2025\/01\/03_BIG_Maico_BearAtDawn.jpg 2000w\" sizes=\"(max-width: 1024px) 100vw, 1024px\" \/>\t\t\t\t\t\t\t\t\t\t\t\t\t\t\t<\/div>\n\t\t\t\t<\/div>\n\t\t\t\t\t<\/div>\n\t\t<\/div>\n\t\t\t\t<div class=\"elementor-column elementor-col-50 elementor-inner-column elementor-element elementor-element-4ea8cf6\" data-id=\"4ea8cf6\" data-element_type=\"column\" data-e-type=\"column\">\n\t\t\t<div class=\"elementor-widget-wrap elementor-element-populated\">\n\t\t\t\t\t\t<div class=\"elementor-element elementor-element-7b2bbc1 elementor-widget elementor-widget-text-editor\" data-id=\"7b2bbc1\" data-element_type=\"widget\" data-e-type=\"widget\" data-widget_type=\"text-editor.default\">\n\t\t\t\t<div class=\"elementor-widget-container\">\n\t\t\t\t\t\t\t\t\t<p>Die \"<strong>Probier's mal mit Gem\u00fctlichkeit<\/strong>\"-Serie thematisiert die Gewalt, der die Klimabewegung ausgesetzt ist, wenn sie versucht, die Realit\u00e4t der Krise f\u00fcr alle B\u00fcrgerinnen und B\u00fcrger h\u00f6rbar zu machen. Dazu haben wir die Berliner Buddy B\u00e4ren, die f\u00fcr friedliches Zusammenleben stehen, mit Augenbinden versehen \u2013 ein Hinweis auf das fehlende \u00f6ffentliche Entsetzen selbst bei unverh\u00e4ltnism\u00e4\u00dfiger Polizeigewalt.<\/p><p><a href=\"https:\/\/scientistrebellion.de\/de\/blind-spot-intervention-wall-handle-with-care\/\">Mehr zur Fotoserie \"Probier's mal mit Gem\u00fctlichkeit\"<\/a><\/p>\t\t\t\t\t\t\t\t<\/div>\n\t\t\t\t<\/div>\n\t\t\t\t\t<\/div>\n\t\t<\/div>\n\t\t\t\t\t<\/div>\n\t\t<\/section>\n\t\t\t\t<div class=\"elementor-element elementor-element-3a787ff elementor-widget-divider--view-line elementor-widget elementor-widget-divider\" data-id=\"3a787ff\" data-element_type=\"widget\" data-e-type=\"widget\" data-widget_type=\"divider.default\">\n\t\t\t\t<div class=\"elementor-widget-container\">\n\t\t\t\t\t\t\t<div class=\"elementor-divider\">\n\t\t\t<span class=\"elementor-divider-separator\">\n\t\t\t\t\t\t<\/span>\n\t\t<\/div>\n\t\t\t\t\t\t<\/div>\n\t\t\t\t<\/div>\n\t\t\t\t<section class=\"elementor-section elementor-inner-section elementor-element elementor-element-7574ea2 elementor-section-boxed elementor-section-height-default elementor-section-height-default\" data-id=\"7574ea2\" data-element_type=\"section\" data-e-type=\"section\">\n\t\t\t\t\t\t<div class=\"elementor-container elementor-column-gap-default\">\n\t\t\t\t\t<div class=\"elementor-column elementor-col-50 elementor-inner-column elementor-element elementor-element-2e9ee3e\" data-id=\"2e9ee3e\" data-element_type=\"column\" data-e-type=\"column\">\n\t\t\t<div class=\"elementor-widget-wrap elementor-element-populated\">\n\t\t\t\t\t\t<div class=\"elementor-element elementor-element-7de0661 elementor-widget elementor-widget-text-editor\" data-id=\"7de0661\" data-element_type=\"widget\" data-e-type=\"widget\" data-widget_type=\"text-editor.default\">\n\t\t\t\t<div class=\"elementor-widget-container\">\n\t\t\t\t\t\t\t\t\t<p><strong>Gigadurst <\/strong><\/p><p>Vielleicht f\u00e4llt es nicht sofort auf, da wir von Gew\u00e4ssern umgeben sind, aber Berlin-Brandenburg verzeichnet die geringsten Niederschlagsmengen in Deutschland.<\/p><p>Die Statuen, denen wir Augenbinden oder Knebel angelegt haben, dr\u00fccken Angst, Traurigkeit, Wut und sogar Verzweiflung aus \u2013 Gef\u00fchle, die die Menschen in Berlin-Brandenburg empfinden k\u00f6nnten, wenn sie \u00fcber die Auswirkungen der Tesla-Gigafactory auf unser Wasser nachdenken.<\/p><p>Wir m\u00fcssen unser Wasser verteidigen! Stoppt Tesla!<\/p>\t\t\t\t\t\t\t\t<\/div>\n\t\t\t\t<\/div>\n\t\t\t\t\t<\/div>\n\t\t<\/div>\n\t\t\t\t<div class=\"elementor-column elementor-col-50 elementor-inner-column elementor-element elementor-element-b998231\" data-id=\"b998231\" data-element_type=\"column\" data-e-type=\"column\">\n\t\t\t<div class=\"elementor-widget-wrap elementor-element-populated\">\n\t\t\t\t\t\t<div class=\"elementor-element elementor-element-e1466c4 elementor-widget elementor-widget-image\" data-id=\"e1466c4\" data-element_type=\"widget\" data-e-type=\"widget\" data-widget_type=\"image.default\">\n\t\t\t\t<div class=\"elementor-widget-container\">\n\t\t\t\t\t\t\t\t\t\t\t\t\t\t\t<img decoding=\"async\" width=\"1024\" height=\"683\" src=\"https:\/\/scientistrebellion.de\/wp-content\/uploads\/2026\/03\/GigaDurstKapitalismus-1024x683.jpg\" class=\"attachment-large size-large wp-image-3792\" alt=\"\" srcset=\"https:\/\/scientistrebellion.de\/wp-content\/uploads\/2026\/03\/GigaDurstKapitalismus-1024x683.jpg 1024w, https:\/\/scientistrebellion.de\/wp-content\/uploads\/2026\/03\/GigaDurstKapitalismus-300x200.jpg 300w, https:\/\/scientistrebellion.de\/wp-content\/uploads\/2026\/03\/GigaDurstKapitalismus-768x512.jpg 768w, https:\/\/scientistrebellion.de\/wp-content\/uploads\/2026\/03\/GigaDurstKapitalismus-1536x1024.jpg 1536w, https:\/\/scientistrebellion.de\/wp-content\/uploads\/2026\/03\/GigaDurstKapitalismus-2048x1365.jpg 2048w, https:\/\/scientistrebellion.de\/wp-content\/uploads\/2026\/03\/GigaDurstKapitalismus-18x12.jpg 18w, https:\/\/scientistrebellion.de\/wp-content\/uploads\/2026\/03\/GigaDurstKapitalismus-1620x1080.jpg 1620w, https:\/\/scientistrebellion.de\/wp-content\/uploads\/2026\/03\/GigaDurstKapitalismus-1320x880.jpg 1320w\" sizes=\"(max-width: 1024px) 100vw, 1024px\" \/>\t\t\t\t\t\t\t\t\t\t\t\t\t\t\t<\/div>\n\t\t\t\t<\/div>\n\t\t\t\t\t<\/div>\n\t\t<\/div>\n\t\t\t\t\t<\/div>\n\t\t<\/section>\n\t\t\t\t\t<\/div>\n\t\t<\/div>\n\t\t\t\t\t<\/div>\n\t\t<\/section>\n\t\t\t\t<section class=\"elementor-section elementor-top-section elementor-element elementor-element-497dc08 elementor-section-boxed elementor-section-height-default elementor-section-height-default\" data-id=\"497dc08\" data-element_type=\"section\" data-e-type=\"section\">\n\t\t\t\t\t\t<div class=\"elementor-container elementor-column-gap-default\">\n\t\t\t\t\t<div class=\"elementor-column elementor-col-100 elementor-top-column elementor-element elementor-element-066b245\" data-id=\"066b245\" data-element_type=\"column\" data-e-type=\"column\">\n\t\t\t<div class=\"elementor-widget-wrap elementor-element-populated\">\n\t\t\t\t\t\t<div class=\"elementor-element elementor-element-b0b987c elementor-widget elementor-widget-spacer\" data-id=\"b0b987c\" data-element_type=\"widget\" data-e-type=\"widget\" data-widget_type=\"spacer.default\">\n\t\t\t\t<div class=\"elementor-widget-container\">\n\t\t\t\t\t\t\t<div class=\"elementor-spacer\">\n\t\t\t<div class=\"elementor-spacer-inner\"><\/div>\n\t\t<\/div>\n\t\t\t\t\t\t<\/div>\n\t\t\t\t<\/div>\n\t\t\t\t<div class=\"elementor-element elementor-element-700285d elementor-widget elementor-widget-text-editor\" data-id=\"700285d\" data-element_type=\"widget\" data-e-type=\"widget\" data-widget_type=\"text-editor.default\">\n\t\t\t\t<div class=\"elementor-widget-container\">\n\t\t\t\t\t\t\t\t\t<p>Mit der Ausstellung m\u00f6chten wir unsere Besucherinnen und Besucher dazu einladen, \u00fcber ihre eigene Sicht auf die Polykrise nachzudenken. Welche Emotionen wecken die Bilder in Ihnen? Wie stellen Sie sich den \u00f6ffentlichen Raum sowie die Rolle von Wissenschaftlerinnen und Wissenschaftlern, von B\u00fcrgerinnen und B\u00fcrgern vor? Alle sind eingeladen, eigene Gedanken und Gef\u00fchle in Worten oder Zeichnungen festzuhalten und so den Open Tiny Kiezkiosk mit neuen Perspektiven und Ideen f\u00fcr Handlungsm\u00f6glichkeiten \u2013 und vielleicht auch mit neuer Hoffnung f\u00fcr die Zukunft \u2013 zu verlassen.<\/p>\t\t\t\t\t\t\t\t<\/div>\n\t\t\t\t<\/div>\n\t\t\t\t\t<\/div>\n\t\t<\/div>\n\t\t\t\t\t<\/div>\n\t\t<\/section>\n\t\t\t\t<section class=\"elementor-section elementor-top-section elementor-element elementor-element-293f23d elementor-section-boxed elementor-section-height-default elementor-section-height-default\" data-id=\"293f23d\" data-element_type=\"section\" data-e-type=\"section\">\n\t\t\t\t\t\t<div class=\"elementor-container elementor-column-gap-default\">\n\t\t\t\t\t<div class=\"elementor-column elementor-col-100 elementor-top-column elementor-element elementor-element-230535f\" data-id=\"230535f\" data-element_type=\"column\" data-e-type=\"column\">\n\t\t\t<div class=\"elementor-widget-wrap elementor-element-populated\">\n\t\t\t\t\t\t<div class=\"elementor-element elementor-element-cedb322 elementor-widget elementor-widget-text-editor\" data-id=\"cedb322\" data-element_type=\"widget\" data-e-type=\"widget\" data-widget_type=\"text-editor.default\">\n\t\t\t\t<div class=\"elementor-widget-container\">\n\t\t\t\t\t\t\t\t\t<p>Wer es lieber h\u00f6rt als sieht, kann auch unseren Soundtrack abrufen. Ein Fiktionstext f\u00fchrt Sie ins Herz einer statue blinding Aktion - verf\u00fcgbar in <a href=\"\/de\/blind-spot-intervention-soundtrack-fr\/\" target=\"_blank\" rel=\"noopener\">franz\u00f6sischer<\/a> oder der <a href=\"\/de\/blind-spot-intervention-soundtrack-de\/\" target=\"_blank\" rel=\"noopener\">deutscher Version<\/a>.<\/p>\t\t\t\t\t\t\t\t<\/div>\n\t\t\t\t<\/div>\n\t\t\t\t\t<\/div>\n\t\t<\/div>\n\t\t\t\t\t<\/div>\n\t\t<\/section>\n\t\t\t\t<section class=\"elementor-section elementor-top-section elementor-element elementor-element-a273a09 elementor-section-boxed elementor-section-height-default elementor-section-height-default\" data-id=\"a273a09\" data-element_type=\"section\" data-e-type=\"section\">\n\t\t\t\t\t\t<div class=\"elementor-container elementor-column-gap-default\">\n\t\t\t\t\t<div class=\"elementor-column elementor-col-100 elementor-top-column elementor-element elementor-element-d9a0b83\" data-id=\"d9a0b83\" data-element_type=\"column\" data-e-type=\"column\">\n\t\t\t<div class=\"elementor-widget-wrap elementor-element-populated\">\n\t\t\t\t\t\t<div class=\"elementor-element elementor-element-e30c7ca elementor-widget elementor-widget-spacer\" data-id=\"e30c7ca\" data-element_type=\"widget\" data-e-type=\"widget\" data-widget_type=\"spacer.default\">\n\t\t\t\t<div class=\"elementor-widget-container\">\n\t\t\t\t\t\t\t<div class=\"elementor-spacer\">\n\t\t\t<div class=\"elementor-spacer-inner\"><\/div>\n\t\t<\/div>\n\t\t\t\t\t\t<\/div>\n\t\t\t\t<\/div>\n\t\t\t\t<div class=\"elementor-element elementor-element-46e91f1 elementor-widget elementor-widget-text-editor\" data-id=\"46e91f1\" data-element_type=\"widget\" data-e-type=\"widget\" data-widget_type=\"text-editor.default\">\n\t\t\t\t<div class=\"elementor-widget-container\">\n\t\t\t\t\t\t\t\t\t<p>Die Ausstellung wurde gezeigt:<\/p><p>im Open Tiny Kiezkiosk in Berlin-Neuk\u00f6lln im Februar und July 2025,<\/p><p>auf der Langen Nacht der Wissenschaften 2025 auf dem Campus Adlershof der Humboldt-Universit\u00e4t zu Berlin,<\/p><p>w\u00e4hrend der Konferenz \"Tough Conversations in Tough Times\" organisiert vom Potsdam Research Institute For Sustainability im Dezember 2025.<\/p>\t\t\t\t\t\t\t\t<\/div>\n\t\t\t\t<\/div>\n\t\t\t\t<div class=\"elementor-element elementor-element-1d8ae65 elementor-widget elementor-widget-text-editor\" data-id=\"1d8ae65\" data-element_type=\"widget\" data-e-type=\"widget\" data-widget_type=\"text-editor.default\">\n\t\t\t\t<div class=\"elementor-widget-container\">\n\t\t\t\t\t\t\t\t\t<p>Wir freuen uns immer, in neuen R\u00e4umen auszustellen. Bitte nehmen Sie bei Interesse Kontakt auf.<\/p>\t\t\t\t\t\t\t\t<\/div>\n\t\t\t\t<\/div>\n\t\t\t\t\t<\/div>\n\t\t<\/div>\n\t\t\t\t\t<\/div>\n\t\t<\/section>\n\t\t\t\t<\/div>","protected":false},"excerpt":{"rendered":"<p>Blind Spot Intervention An Exhibit What do statues and scientists have in common? Not so much at first glance. Statues stand in the public space commemorating former influencers, while scientists are busy in their offices or labs&#8230; except that not all scientists just stay in their labs. Some are looking for new ways to raise&hellip; <br \/> <a class=\"read-more\" href=\"https:\/\/scientistrebellion.de\/de\/blind-spot-intervention-an-exhibit\/\">Weiterlesen<\/a><\/p>","protected":false},"author":4,"featured_media":0,"parent":0,"menu_order":0,"comment_status":"closed","ping_status":"closed","template":"","meta":{"footnotes":""},"class_list":["post-3391","page","type-page","status-publish","hentry"],"_links":{"self":[{"href":"https:\/\/scientistrebellion.de\/de\/wp-json\/wp\/v2\/pages\/3391","targetHints":{"allow":["GET"]}}],"collection":[{"href":"https:\/\/scientistrebellion.de\/de\/wp-json\/wp\/v2\/pages"}],"about":[{"href":"https:\/\/scientistrebellion.de\/de\/wp-json\/wp\/v2\/types\/page"}],"author":[{"embeddable":true,"href":"https:\/\/scientistrebellion.de\/de\/wp-json\/wp\/v2\/users\/4"}],"replies":[{"embeddable":true,"href":"https:\/\/scientistrebellion.de\/de\/wp-json\/wp\/v2\/comments?post=3391"}],"version-history":[{"count":58,"href":"https:\/\/scientistrebellion.de\/de\/wp-json\/wp\/v2\/pages\/3391\/revisions"}],"predecessor-version":[{"id":3801,"href":"https:\/\/scientistrebellion.de\/de\/wp-json\/wp\/v2\/pages\/3391\/revisions\/3801"}],"wp:attachment":[{"href":"https:\/\/scientistrebellion.de\/de\/wp-json\/wp\/v2\/media?parent=3391"}],"curies":[{"name":"wp","href":"https:\/\/api.w.org\/{rel}","templated":true}]}}