{"id":3575,"date":"2025-06-26T13:21:04","date_gmt":"2025-06-26T11:21:04","guid":{"rendered":"https:\/\/scientistrebellion.de\/?page_id=3575"},"modified":"2025-06-26T20:35:04","modified_gmt":"2025-06-26T18:35:04","slug":"blind-spot-intervention-wall-handle-with-care","status":"publish","type":"page","link":"https:\/\/scientistrebellion.de\/de\/blind-spot-intervention-wall-handle-with-care\/","title":{"rendered":"Blind Spot Intervention: Wall BuddyBears"},"content":{"rendered":"<div data-elementor-type=\"wp-page\" data-elementor-id=\"3575\" class=\"elementor elementor-3575\">\n\t\t\t\t\t\t<section class=\"elementor-section elementor-top-section elementor-element elementor-element-d1f5d1f elementor-section-boxed elementor-section-height-default elementor-section-height-default\" data-id=\"d1f5d1f\" data-element_type=\"section\" data-e-type=\"section\">\n\t\t\t\t\t\t<div class=\"elementor-container elementor-column-gap-default\">\n\t\t\t\t\t<div class=\"elementor-column elementor-col-100 elementor-top-column elementor-element elementor-element-925ac1d\" data-id=\"925ac1d\" data-element_type=\"column\" data-e-type=\"column\">\n\t\t\t<div class=\"elementor-widget-wrap elementor-element-populated\">\n\t\t\t\t\t\t<div class=\"elementor-element elementor-element-73b4dcb elementor-widget elementor-widget-heading\" data-id=\"73b4dcb\" data-element_type=\"widget\" data-e-type=\"widget\" data-widget_type=\"heading.default\">\n\t\t\t\t<div class=\"elementor-widget-container\">\n\t\t\t\t\t<h1 class=\"elementor-heading-title elementor-size-default\">Blind Spot Intervention<\/h1>\t\t\t\t<\/div>\n\t\t\t\t<\/div>\n\t\t\t\t\t<\/div>\n\t\t<\/div>\n\t\t\t\t\t<\/div>\n\t\t<\/section>\n\t\t\t\t<section class=\"elementor-section elementor-top-section elementor-element elementor-element-d364b4d elementor-section-boxed elementor-section-height-default elementor-section-height-default\" data-id=\"d364b4d\" data-element_type=\"section\" data-e-type=\"section\">\n\t\t\t\t\t\t<div class=\"elementor-container elementor-column-gap-default\">\n\t\t\t\t\t<div class=\"elementor-column elementor-col-100 elementor-top-column elementor-element elementor-element-604f8a1\" data-id=\"604f8a1\" data-element_type=\"column\" data-e-type=\"column\">\n\t\t\t<div class=\"elementor-widget-wrap elementor-element-populated\">\n\t\t\t\t\t\t<div class=\"elementor-element elementor-element-27e0872 elementor-widget elementor-widget-text-editor\" data-id=\"27e0872\" data-element_type=\"widget\" data-e-type=\"widget\" data-widget_type=\"text-editor.default\">\n\t\t\t\t<div class=\"elementor-widget-container\">\n\t\t\t\t\t\t\t\t\t<h2>Serie \"Probier's mit Gem\u00fctlichkeit\"<\/h2>\t\t\t\t\t\t\t\t<\/div>\n\t\t\t\t<\/div>\n\t\t\t\t<section class=\"elementor-section elementor-inner-section elementor-element elementor-element-f294e38 elementor-section-boxed elementor-section-height-default elementor-section-height-default\" data-id=\"f294e38\" data-element_type=\"section\" data-e-type=\"section\">\n\t\t\t\t\t\t<div class=\"elementor-container elementor-column-gap-default\">\n\t\t\t\t\t<div class=\"elementor-column elementor-col-100 elementor-inner-column elementor-element elementor-element-5430893\" data-id=\"5430893\" data-element_type=\"column\" data-e-type=\"column\">\n\t\t\t<div class=\"elementor-widget-wrap elementor-element-populated\">\n\t\t\t\t\t\t<div class=\"elementor-element elementor-element-b1500d7 elementor-widget elementor-widget-text-editor\" data-id=\"b1500d7\" data-element_type=\"widget\" data-e-type=\"widget\" data-widget_type=\"text-editor.default\">\n\t\t\t\t<div class=\"elementor-widget-container\">\n\t\t\t\t\t\t\t\t\t<p data-pm-slice=\"1 1 []\">Wenn du gem\u00fctlich durch Berlin schlenderst, wirst du sicherlich auf einen Buddy Bear treffen. Diese Statuen befinden sich \u00fcberall in der Hauptstadt und sind Berlins Botschafter f\u00fcr ein friedliches und respektvolles Miteinander zwischen allen Menschen.<\/p><p>Warum also tragen die Buddy Bears auf den Fotos dann eine Augenbinde mit der Aufschrift \"Polizeigewalt\"?<\/p><p>Vertrauen in die Polizei ist ein Eckpfeiler unserer Demokratie. Viele von uns denken, dass die Polizei nicht unn\u00f6tig Gewalt anwendet, wenn wir selbst gewaltfrei bleiben. Friedliche B\u00fcrger:innen, die durch gewaltfreien zivilen Ungehorsam f\u00fcr eine lebenswerte Zukunft protestieren, werden jedoch in Deutschland zunehmend mit \u00fcberm\u00e4\u00dfiger Polizeigewalt konfrontiert, insbesondere mit Schmerzgriffen. Die Polizei verwendet auch mildere Mittel, um friedliche Blockaden aufzul\u00f6sen, wie das Wegtragen von Blockierenden. Doch immer h\u00e4ufiger setzt sie Schmerzgriffe ein, Techniken aus dem Kampfsport, die durch physischen Einfluss  Schmerzen verursachen sollen. Die Auswirkungen sind f\u00fcr Beobachtende oft unsichtbar, k\u00f6nnen aber zu langfristigen Verletzungen f\u00fchren, sowohl k\u00f6rperlich als auch psychisch.<\/p><p>Das Verbinden der Augen der Buddy Bears ist eine Intervention. Sie soll Betrachter:innen darauf aufmerksam machen, dass ein Bewusstsein f\u00fcr unn\u00f6tige Polizeigewalt in unserer Gesellschaft fehlt. Die erhobenen Arme \u2013 eine Geste des Friedens und der Begr\u00fc\u00dfung \u2013 werden durch die Augenbinde zu einer Geste der Hilflosigkeit und Unt\u00e4tigkeit umgedeutet.<\/p><p>Die Fotos an dieser Wand dokumentieren eine Aktion vom August 2024. Aktivist:innen von Scientist Rebellion und der Letzten Generation haben in einer einzigen Nacht 49 Buddy Bears, als friedliche Reaktion auf die eskalierende Polizeigewalt bei den im Fr\u00fchjahr 2024 in Berlin stattfindenden  \"Ungehorsamen Versammlungen\", die Augen verbunden.<\/p><p><em>Wir danken dem Pressefotografen Stefan M\u00fcller f\u00fcr die Erlaubnis, seine Fotos Buddy Bear Nivea mit Aktivisten I &amp; II und Buddy Bear Rot-Wei\u00df-Streifen in dieser Ausstellung zu zeigen, und der Pressefotografin Maico Riegelmann daf\u00fcr, dass wir ihre Fotos Buddy Bear Quadriga bei Tageslicht, Gelber Buddy Bear in der Morgend\u00e4mmerung und Brunos Buddy Bear unter Beobachtung zeigen d\u00fcrfen. Alle Urheberrechte verbleiben bei dem Fotografen bzw. der  Fotografin.<\/em><\/p>\t\t\t\t\t\t\t\t<\/div>\n\t\t\t\t<\/div>\n\t\t\t\t\t<\/div>\n\t\t<\/div>\n\t\t\t\t\t<\/div>\n\t\t<\/section>\n\t\t\t\t<div class=\"elementor-element elementor-element-d8d867d elementor-widget elementor-widget-spacer\" data-id=\"d8d867d\" data-element_type=\"widget\" data-e-type=\"widget\" data-widget_type=\"spacer.default\">\n\t\t\t\t<div class=\"elementor-widget-container\">\n\t\t\t\t\t\t\t<div class=\"elementor-spacer\">\n\t\t\t<div class=\"elementor-spacer-inner\"><\/div>\n\t\t<\/div>\n\t\t\t\t\t\t<\/div>\n\t\t\t\t<\/div>\n\t\t\t\t<section class=\"elementor-section elementor-inner-section elementor-element elementor-element-bddb1af elementor-section-boxed elementor-section-height-default elementor-section-height-default\" data-id=\"bddb1af\" data-element_type=\"section\" data-e-type=\"section\">\n\t\t\t\t\t\t<div class=\"elementor-container elementor-column-gap-default\">\n\t\t\t\t\t<div class=\"elementor-column elementor-col-100 elementor-inner-column elementor-element elementor-element-8fa4456\" data-id=\"8fa4456\" data-element_type=\"column\" data-e-type=\"column\">\n\t\t\t<div class=\"elementor-widget-wrap elementor-element-populated\">\n\t\t\t\t\t\t<div class=\"elementor-element elementor-element-22a81e6 elementor-widget elementor-widget-text-editor\" data-id=\"22a81e6\" data-element_type=\"widget\" data-e-type=\"widget\" data-widget_type=\"text-editor.default\">\n\t\t\t\t<div class=\"elementor-widget-container\">\n\t\t\t\t\t\t\t\t\t<p>Information zur Ausstellung: <a href=\"\/de\/blind-spot-intervention-an-exhibit\/\">hier<\/a><\/p>\t\t\t\t\t\t\t\t<\/div>\n\t\t\t\t<\/div>\n\t\t\t\t\t<\/div>\n\t\t<\/div>\n\t\t\t\t\t<\/div>\n\t\t<\/section>\n\t\t\t\t\t<\/div>\n\t\t<\/div>\n\t\t\t\t\t<\/div>\n\t\t<\/section>\n\t\t\t\t<\/div>","protected":false},"excerpt":{"rendered":"<p>Blind Spot Intervention Series &#8220;Please Handle With Care&#8221; If you wander through Berlin, you will likely meet a Buddy Bear. These statues are Berlin&#8217;s ambassadors, promoting a peaceful and respectful coexistence among all people. So why do the Buddy Bears in the photographs wear a blindfold with the inscription &#8220;police violence&#8221;? Trust in the police&hellip; <br \/> <a class=\"read-more\" href=\"https:\/\/scientistrebellion.de\/de\/blind-spot-intervention-wall-handle-with-care\/\">Weiterlesen<\/a><\/p>","protected":false},"author":4,"featured_media":0,"parent":0,"menu_order":0,"comment_status":"closed","ping_status":"closed","template":"","meta":{"footnotes":""},"class_list":["post-3575","page","type-page","status-publish","hentry"],"_links":{"self":[{"href":"https:\/\/scientistrebellion.de\/de\/wp-json\/wp\/v2\/pages\/3575","targetHints":{"allow":["GET"]}}],"collection":[{"href":"https:\/\/scientistrebellion.de\/de\/wp-json\/wp\/v2\/pages"}],"about":[{"href":"https:\/\/scientistrebellion.de\/de\/wp-json\/wp\/v2\/types\/page"}],"author":[{"embeddable":true,"href":"https:\/\/scientistrebellion.de\/de\/wp-json\/wp\/v2\/users\/4"}],"replies":[{"embeddable":true,"href":"https:\/\/scientistrebellion.de\/de\/wp-json\/wp\/v2\/comments?post=3575"}],"version-history":[{"count":7,"href":"https:\/\/scientistrebellion.de\/de\/wp-json\/wp\/v2\/pages\/3575\/revisions"}],"predecessor-version":[{"id":3599,"href":"https:\/\/scientistrebellion.de\/de\/wp-json\/wp\/v2\/pages\/3575\/revisions\/3599"}],"wp:attachment":[{"href":"https:\/\/scientistrebellion.de\/de\/wp-json\/wp\/v2\/media?parent=3575"}],"curies":[{"name":"wp","href":"https:\/\/api.w.org\/{rel}","templated":true}]}}