{"id":3580,"date":"2025-06-26T13:26:30","date_gmt":"2025-06-26T11:26:30","guid":{"rendered":"https:\/\/scientistrebellion.de\/?page_id=3580"},"modified":"2025-06-26T20:36:36","modified_gmt":"2025-06-26T18:36:36","slug":"blind-spot-intervention-wall-listen-to-science","status":"publish","type":"page","link":"https:\/\/scientistrebellion.de\/de\/blind-spot-intervention-wall-listen-to-science\/","title":{"rendered":"Blind Spot Intervention: Wall Listen to the Science"},"content":{"rendered":"<div data-elementor-type=\"wp-page\" data-elementor-id=\"3580\" class=\"elementor elementor-3580\">\n\t\t\t\t\t\t<section class=\"elementor-section elementor-top-section elementor-element elementor-element-d1f5d1f elementor-section-boxed elementor-section-height-default elementor-section-height-default\" data-id=\"d1f5d1f\" data-element_type=\"section\" data-e-type=\"section\">\n\t\t\t\t\t\t<div class=\"elementor-container elementor-column-gap-default\">\n\t\t\t\t\t<div class=\"elementor-column elementor-col-100 elementor-top-column elementor-element elementor-element-925ac1d\" data-id=\"925ac1d\" data-element_type=\"column\" data-e-type=\"column\">\n\t\t\t<div class=\"elementor-widget-wrap elementor-element-populated\">\n\t\t\t\t\t\t<div class=\"elementor-element elementor-element-73b4dcb elementor-widget elementor-widget-heading\" data-id=\"73b4dcb\" data-element_type=\"widget\" data-e-type=\"widget\" data-widget_type=\"heading.default\">\n\t\t\t\t<div class=\"elementor-widget-container\">\n\t\t\t\t\t<h1 class=\"elementor-heading-title elementor-size-default\">Blind Spot Intervention<\/h1>\t\t\t\t<\/div>\n\t\t\t\t<\/div>\n\t\t\t\t\t<\/div>\n\t\t<\/div>\n\t\t\t\t\t<\/div>\n\t\t<\/section>\n\t\t\t\t<section class=\"elementor-section elementor-top-section elementor-element elementor-element-d364b4d elementor-section-boxed elementor-section-height-default elementor-section-height-default\" data-id=\"d364b4d\" data-element_type=\"section\" data-e-type=\"section\">\n\t\t\t\t\t\t<div class=\"elementor-container elementor-column-gap-default\">\n\t\t\t\t\t<div class=\"elementor-column elementor-col-100 elementor-top-column elementor-element elementor-element-604f8a1\" data-id=\"604f8a1\" data-element_type=\"column\" data-e-type=\"column\">\n\t\t\t<div class=\"elementor-widget-wrap elementor-element-populated\">\n\t\t\t\t\t\t<div class=\"elementor-element elementor-element-27e0872 elementor-widget elementor-widget-text-editor\" data-id=\"27e0872\" data-element_type=\"widget\" data-e-type=\"widget\" data-widget_type=\"text-editor.default\">\n\t\t\t\t<div class=\"elementor-widget-container\">\n\t\t\t\t\t\t\t\t\t<h2>Serie \"H\u00f6r auf die Wissenschaft\"<\/h2>\t\t\t\t\t\t\t\t<\/div>\n\t\t\t\t<\/div>\n\t\t\t\t<section class=\"elementor-section elementor-inner-section elementor-element elementor-element-f294e38 elementor-section-boxed elementor-section-height-default elementor-section-height-default\" data-id=\"f294e38\" data-element_type=\"section\" data-e-type=\"section\">\n\t\t\t\t\t\t<div class=\"elementor-container elementor-column-gap-default\">\n\t\t\t\t\t<div class=\"elementor-column elementor-col-100 elementor-inner-column elementor-element elementor-element-5430893\" data-id=\"5430893\" data-element_type=\"column\" data-e-type=\"column\">\n\t\t\t<div class=\"elementor-widget-wrap elementor-element-populated\">\n\t\t\t\t\t\t<div class=\"elementor-element elementor-element-b1500d7 elementor-widget elementor-widget-text-editor\" data-id=\"b1500d7\" data-element_type=\"widget\" data-e-type=\"widget\" data-widget_type=\"text-editor.default\">\n\t\t\t\t<div class=\"elementor-widget-container\">\n\t\t\t\t\t\t\t\t\t<p data-pm-slice=\"1 1 []\"><em>\u201eStell dir eine Welt vor, in der Wissenschaftler:innen zum Schweigen gebracht werden, ihre Erkenntnisse ignoriert und ihre Stimmen aus den Klassenzimmern getilgt werden.\u201c<\/em><\/p><p>Diese dystopische Vision inspirierte die Aktion \u201eH\u00f6re auf die Wissenschaft\u201c, bei der Scientist Rebellion Statuen ber\u00fchmter Wissenschaftler:innen geknebelt hat. Die Statuen stehen symbolisch f\u00fcr die Autor:innen der IPCC-Berichte. Die enorme Bedeutung ihrer wissenschaftlichen Ergebnisse ist kaum pr\u00e4sent in der \u00f6ffentlichen Meinung.<\/p><p>Dies liegt an der politischen und wirtschaftlichen Instrumentalisierung wissenschaftlicher Erkenntnisse und ihrer bewussten Verzerrung im \u00f6ffentlichen Diskurs. Desinformationskampagnen, oft finanziert von fossilen Lobbygruppen, pr\u00e4gen seit Jahren die Diskussionen \u00fcber die Klima- und Biodiversit\u00e4tskrise.<\/p><p>Mit dem Aufkommen sozialer Medien hat die Wissenschaftskommunikation zwar m\u00e4chtige neue Werkzeuge erhalten. Doch Desinformation verbreitet sich heute schneller und einfacher als je zuvor und konkurriert in Reichweite und Einfluss mit wissenschaftlichem Wissen. Wird unser geknebelter Einstein dennoch viral gehen?<\/p><p>\u00a0<\/p>\t\t\t\t\t\t\t\t<\/div>\n\t\t\t\t<\/div>\n\t\t\t\t\t<\/div>\n\t\t<\/div>\n\t\t\t\t\t<\/div>\n\t\t<\/section>\n\t\t\t\t<div class=\"elementor-element elementor-element-d8d867d elementor-widget elementor-widget-spacer\" data-id=\"d8d867d\" data-element_type=\"widget\" data-e-type=\"widget\" data-widget_type=\"spacer.default\">\n\t\t\t\t<div class=\"elementor-widget-container\">\n\t\t\t\t\t\t\t<div class=\"elementor-spacer\">\n\t\t\t<div class=\"elementor-spacer-inner\"><\/div>\n\t\t<\/div>\n\t\t\t\t\t\t<\/div>\n\t\t\t\t<\/div>\n\t\t\t\t<section class=\"elementor-section elementor-inner-section elementor-element elementor-element-bddb1af elementor-section-boxed elementor-section-height-default elementor-section-height-default\" data-id=\"bddb1af\" data-element_type=\"section\" data-e-type=\"section\">\n\t\t\t\t\t\t<div class=\"elementor-container elementor-column-gap-default\">\n\t\t\t\t\t<div class=\"elementor-column elementor-col-100 elementor-inner-column elementor-element elementor-element-8fa4456\" data-id=\"8fa4456\" data-element_type=\"column\" data-e-type=\"column\">\n\t\t\t<div class=\"elementor-widget-wrap elementor-element-populated\">\n\t\t\t\t\t\t<div class=\"elementor-element elementor-element-22a81e6 elementor-widget elementor-widget-text-editor\" data-id=\"22a81e6\" data-element_type=\"widget\" data-e-type=\"widget\" data-widget_type=\"text-editor.default\">\n\t\t\t\t<div class=\"elementor-widget-container\">\n\t\t\t\t\t\t\t\t\t<p>Information zur Ausstellung: <a href=\"\/de\/blind-spot-intervention-an-exhibit\/\">hier<\/a><\/p>\t\t\t\t\t\t\t\t<\/div>\n\t\t\t\t<\/div>\n\t\t\t\t\t<\/div>\n\t\t<\/div>\n\t\t\t\t\t<\/div>\n\t\t<\/section>\n\t\t\t\t\t<\/div>\n\t\t<\/div>\n\t\t\t\t\t<\/div>\n\t\t<\/section>\n\t\t\t\t<\/div>","protected":false},"excerpt":{"rendered":"<p>Blind Spot Intervention Series &#8220;Listen to the Science&#8221; Imagine a world where scientists are silenced, their findings ignored and their voices erased from classrooms. This dystopian vision inspired the &#8220;listen to the science&#8221; statue action. The gagged scientist statues \u2014symbolically aligned with the authors of the IPCC report\u2014 illustrate how their scientific and critical results&hellip; <br \/> <a class=\"read-more\" href=\"https:\/\/scientistrebellion.de\/de\/blind-spot-intervention-wall-listen-to-science\/\">Weiterlesen<\/a><\/p>","protected":false},"author":4,"featured_media":0,"parent":0,"menu_order":0,"comment_status":"closed","ping_status":"closed","template":"","meta":{"footnotes":""},"class_list":["post-3580","page","type-page","status-publish","hentry"],"_links":{"self":[{"href":"https:\/\/scientistrebellion.de\/de\/wp-json\/wp\/v2\/pages\/3580","targetHints":{"allow":["GET"]}}],"collection":[{"href":"https:\/\/scientistrebellion.de\/de\/wp-json\/wp\/v2\/pages"}],"about":[{"href":"https:\/\/scientistrebellion.de\/de\/wp-json\/wp\/v2\/types\/page"}],"author":[{"embeddable":true,"href":"https:\/\/scientistrebellion.de\/de\/wp-json\/wp\/v2\/users\/4"}],"replies":[{"embeddable":true,"href":"https:\/\/scientistrebellion.de\/de\/wp-json\/wp\/v2\/comments?post=3580"}],"version-history":[{"count":13,"href":"https:\/\/scientistrebellion.de\/de\/wp-json\/wp\/v2\/pages\/3580\/revisions"}],"predecessor-version":[{"id":3602,"href":"https:\/\/scientistrebellion.de\/de\/wp-json\/wp\/v2\/pages\/3580\/revisions\/3602"}],"wp:attachment":[{"href":"https:\/\/scientistrebellion.de\/de\/wp-json\/wp\/v2\/media?parent=3580"}],"curies":[{"name":"wp","href":"https:\/\/api.w.org\/{rel}","templated":true}]}}