{"id":402,"date":"2023-08-28T09:02:49","date_gmt":"2023-08-28T07:02:49","guid":{"rendered":"https:\/\/de.scientistrebellion.com\/?page_id=402"},"modified":"2024-07-15T08:23:02","modified_gmt":"2024-07-15T06:23:02","slug":"induction-meetings","status":"publish","type":"page","link":"https:\/\/scientistrebellion.de\/de\/induction-meetings\/","title":{"rendered":"Einf\u00fchrungstreffen (online)"},"content":{"rendered":"<p class=\"translation-block\">Unser Induction-Meeting findet unter folgendem Link statt:  <a href=\"https:\/\/meet.jit.si\/sr-germany-induction\" target=\"_self\">hier<\/a><\/p>\n\n\n\n<p>Every other week, we organize an introductory online meeting in which you can get to know our activities and ask your questions. The exact schedule of the upcoming meetings can be found below.<\/p>\n\n\n<div class=\"r34ics-ajax-container loading\" id=\"r69ef91adcf3851d\" data-view=\"list\" data-view-is-list-style=\"1\" data-view-is-list-long=\"1\" data-args=\"8fdb204085c3c92ae376fc5b590badee76ab4ee5\" data-js-args=\"{&quot;debug&quot;:null}\">&nbsp;<\/div>\n\n\n\n<p>Je nachdem wer teilnimmt, wird das Treffen entweder auf Englisch oder auf Deutsch abgehalten. Bitte sende uns eine E-Mail, wenn du bestimmte Sprachw\u00fcnsche hast oder falls Du es zu den geplanten Terminen nicht schaffen kannst: <a href=\"mailto:scientistrebellion_GER@protonmail.com\">scientistrebellion_GER@protonmail.com<\/a><\/p>\n\n\n\n<p>Bei dem Treffen erh\u00e4ltst du einen \u00dcberblick dar\u00fcber, wer wir sind, was wir wollen, wof\u00fcr wir stehen und wie du helfen und\/oder an Aktionen teilnehmen kannst. Es wird auch Raum f\u00fcr deine Fragen geben.<\/p>\n\n\n\n<p>Dieses Treffen ist an keine Bedingungen gekn\u00fcpft und wir bitten dich, dir nach dem Treffen Zeit zum Nachdenken zu nehmen. Was dir helfen wird, deinen Platz zu finden, ist, wenn du eine Vorstellung davon hast, wie viel Zeit du ungef\u00e4hr investieren m\u00f6chtest. F\u00fcr bestimmte organisatorische Aufgaben solltest du mit 2+ Stunden\/Woche kalkulieren, w\u00e4hrend die Teilnahme hin und wieder an Aktionen weniger zeitaufwendig sein kann. \n\nBitte bedenke, dass wir in au\u00dfergew\u00f6hnlichen Zeiten leben, die au\u00dfergew\u00f6hnliche Ma\u00dfnahmen und eine Neubewertung der Priorit\u00e4ten erfordern.<\/p>","protected":false},"excerpt":{"rendered":"<p>Our induction meeting takes place online here. Every other week, we organize an introductory online meeting in which you can get to know our activities and ask your questions. The exact schedule of the upcoming meetings can be found below. Depending on who attends, the meeting will be held either be in English or in&hellip; <br \/> <a class=\"read-more\" href=\"https:\/\/scientistrebellion.de\/de\/induction-meetings\/\">Weiterlesen<\/a><\/p>","protected":false},"author":4,"featured_media":0,"parent":0,"menu_order":0,"comment_status":"closed","ping_status":"closed","template":"","meta":{"footnotes":""},"class_list":["post-402","page","type-page","status-publish","hentry"],"_links":{"self":[{"href":"https:\/\/scientistrebellion.de\/de\/wp-json\/wp\/v2\/pages\/402","targetHints":{"allow":["GET"]}}],"collection":[{"href":"https:\/\/scientistrebellion.de\/de\/wp-json\/wp\/v2\/pages"}],"about":[{"href":"https:\/\/scientistrebellion.de\/de\/wp-json\/wp\/v2\/types\/page"}],"author":[{"embeddable":true,"href":"https:\/\/scientistrebellion.de\/de\/wp-json\/wp\/v2\/users\/4"}],"replies":[{"embeddable":true,"href":"https:\/\/scientistrebellion.de\/de\/wp-json\/wp\/v2\/comments?post=402"}],"version-history":[{"count":40,"href":"https:\/\/scientistrebellion.de\/de\/wp-json\/wp\/v2\/pages\/402\/revisions"}],"predecessor-version":[{"id":2528,"href":"https:\/\/scientistrebellion.de\/de\/wp-json\/wp\/v2\/pages\/402\/revisions\/2528"}],"wp:attachment":[{"href":"https:\/\/scientistrebellion.de\/de\/wp-json\/wp\/v2\/media?parent=402"}],"curies":[{"name":"wp","href":"https:\/\/api.w.org\/{rel}","templated":true}]}}