{"id":633,"date":"2023-10-23T19:49:42","date_gmt":"2023-10-23T17:49:42","guid":{"rendered":"https:\/\/de.scientistrebellion.com\/?page_id=633"},"modified":"2023-10-25T19:55:46","modified_gmt":"2023-10-25T17:55:46","slug":"donate","status":"publish","type":"page","link":"https:\/\/scientistrebellion.de\/de\/donate\/","title":{"rendered":"Spenden"},"content":{"rendered":"<p>Die Zeit wird knapp. <\/p>\n\n\n\n<p>Die Klimakatastrophe beschleunigt sich rasant, und unsere Bem\u00fchungen um einen Wandel m\u00fcssen \u00e4hnlich schnell voranschreiten, um Schritt zu halten. Mit unseren Aktionen wollen wir - auch innerhalb der wissenschaftlichen Community - das Bewusstsein  f\u00fcr die Klimakrise sch\u00e4rfen sowie Regierungen dazu bewegen, endlich tiefgreifende Ver\u00e4nderungen zu veranlassen. Aktionen von Scientist Rebellion Germany und unsere Infrastruktur k\u00f6nnen nur mit einer ausreichenden Finanzierung aufrechterhalten werden. Viele unserer Aktivist*innen setzen sich unerm\u00fcdlich ein und gehen dabei solche Risiken ein wie verhaftet zu werden, hohe Geldstrafen zahlen zu m\u00fcssen oder zu Gef\u00e4ngnisstraften verurteilt zu werden.<\/p>\n\n\n\n<p><strong>Eure Spende wird uns helfen, unsere Aktionen und Infrastruktur zu finanzieren und Aktivist*innen zu unterst\u00fctzen. <\/strong><\/p>\n\n\n\n<div class=\"wp-block-buttons is-content-justification-center is-nowrap is-layout-flex wp-container-core-buttons-is-layout-1fb9aab6 wp-block-buttons-is-layout-flex\">\n<div class=\"wp-block-button\"><a class=\"wp-block-button__link wp-element-button\" href=\"https:\/\/opencollective.com\/scientist-rebellion-germany\" target=\"_blank\" rel=\"noreferrer noopener\">Ich unterst\u00fctze SR-Germany<\/a><\/div>\n<\/div>\n\n\n\n<p><\/p>\n\n\n\n<p>Jeder Betrag, den ihr spenden k\u00f6nnt, z\u00e4hlt! Besonders dankbar sind wir f\u00fcr monatliche Spenden, da sie es uns erm\u00f6glichen, unser Jahresbudget besser zu planen. Wir verwalten unsere Gelder transparent \u00fcber open collective - bitte entscheidet bei eurer Spende, ob ihr die Plattform direkt unterst\u00fctzen m\u00f6chtet, indem ihr das K\u00e4stchen \"platform tip\" ankreuzt oder nicht. Wenn ihr \u00fcber unsere Aktionen informiert bleiben wollt, seid ihr herzlich willkommen, unsere Newsletter zu abonnieren.<\/p>\n\n\n\n<p><strong>Ihr k\u00f6nnt auch speziell f\u00fcr die Unterst\u00fctzung von Mitgliedern der SR Deutschland spenden, die Geldstrafen sowie Gerichts- und Anwaltskosten, die im Zusammenhang mit ihren Aktionen entstanden sind, nicht vollst\u00e4ndig selbst aufbringen k\u00f6nnen.<\/strong><\/p>\n\n\n\n<div class=\"wp-block-buttons is-content-justification-center is-layout-flex wp-container-core-buttons-is-layout-16018d1d wp-block-buttons-is-layout-flex\">\n<div class=\"wp-block-button\"><a class=\"wp-block-button__link wp-element-button\" href=\"https:\/\/opencollective.com\/scientist-rebellion-germany\/projects\/sr-germany-legal-support\" target=\"_blank\" rel=\"noreferrer noopener\">Ich unterst\u00fctze SR-Germany bei finanziellen Repressionen<\/a><\/div>\n<\/div>\n\n\n\n<p><\/p>\n\n\n\n<p><strong>Spenden sind ohne Anmeldung bei der Plattform, und auch anonym m\u00f6glich.<\/strong><\/p>","protected":false},"excerpt":{"rendered":"<p>Time is running out. The climate catastrophe is accelerating, and our push for change must grow similarly rapidly in order to address the escalating challenges. At this point, this means that SR actions and infrastructure can only be upheld with adequate funding. Many of our activists work tirelessly, often risking arrest and imprisonment in order&hellip; <br \/> <a class=\"read-more\" href=\"https:\/\/scientistrebellion.de\/de\/donate\/\">Weiterlesen<\/a><\/p>","protected":false},"author":4,"featured_media":0,"parent":0,"menu_order":0,"comment_status":"closed","ping_status":"closed","template":"","meta":{"footnotes":""},"class_list":["post-633","page","type-page","status-publish","hentry"],"_links":{"self":[{"href":"https:\/\/scientistrebellion.de\/de\/wp-json\/wp\/v2\/pages\/633","targetHints":{"allow":["GET"]}}],"collection":[{"href":"https:\/\/scientistrebellion.de\/de\/wp-json\/wp\/v2\/pages"}],"about":[{"href":"https:\/\/scientistrebellion.de\/de\/wp-json\/wp\/v2\/types\/page"}],"author":[{"embeddable":true,"href":"https:\/\/scientistrebellion.de\/de\/wp-json\/wp\/v2\/users\/4"}],"replies":[{"embeddable":true,"href":"https:\/\/scientistrebellion.de\/de\/wp-json\/wp\/v2\/comments?post=633"}],"version-history":[{"count":11,"href":"https:\/\/scientistrebellion.de\/de\/wp-json\/wp\/v2\/pages\/633\/revisions"}],"predecessor-version":[{"id":647,"href":"https:\/\/scientistrebellion.de\/de\/wp-json\/wp\/v2\/pages\/633\/revisions\/647"}],"wp:attachment":[{"href":"https:\/\/scientistrebellion.de\/de\/wp-json\/wp\/v2\/media?parent=633"}],"curies":[{"name":"wp","href":"https:\/\/api.w.org\/{rel}","templated":true}]}}