{"id":752,"date":"2024-11-13T21:21:26","date_gmt":"2024-11-13T20:21:26","guid":{"rendered":"https:\/\/de.scientistrebellion.com\/?page_id=752"},"modified":"2024-11-18T11:04:39","modified_gmt":"2024-11-18T10:04:39","slug":"ipcc-reading-berlin-november-2024","status":"publish","type":"page","link":"https:\/\/scientistrebellion.de\/de\/ipcc-reading-berlin-november-2024\/","title":{"rendered":"IPCC Reading &#8211; Berlin &#8211; November 2024"},"content":{"rendered":"<div data-elementor-type=\"wp-page\" data-elementor-id=\"752\" class=\"elementor elementor-752\">\n\t\t\t\t\t\t<section class=\"elementor-section elementor-top-section elementor-element elementor-element-315332e elementor-section-boxed elementor-section-height-default elementor-section-height-default\" data-id=\"315332e\" data-element_type=\"section\" data-e-type=\"section\">\n\t\t\t\t\t\t<div class=\"elementor-container elementor-column-gap-default\">\n\t\t\t\t\t<div class=\"elementor-column elementor-col-100 elementor-top-column elementor-element elementor-element-1b6b3c9\" data-id=\"1b6b3c9\" data-element_type=\"column\" data-e-type=\"column\">\n\t\t\t<div class=\"elementor-widget-wrap elementor-element-populated\">\n\t\t\t\t\t\t<div class=\"elementor-element elementor-element-3d4d827 elementor-widget elementor-widget-heading\" data-id=\"3d4d827\" data-element_type=\"widget\" data-e-type=\"widget\" data-widget_type=\"heading.default\">\n\t\t\t\t<div class=\"elementor-widget-container\">\n\t\t\t\t\t<h2 class=\"elementor-heading-title elementor-size-default\">1,5 Grad sind tot!\u200b<\/h2>\t\t\t\t<\/div>\n\t\t\t\t<\/div>\n\t\t\t\t\t<\/div>\n\t\t<\/div>\n\t\t\t\t\t<\/div>\n\t\t<\/section>\n\t\t\t\t<section class=\"elementor-section elementor-top-section elementor-element elementor-element-cea41b8 elementor-section-boxed elementor-section-height-default elementor-section-height-default\" data-id=\"cea41b8\" data-element_type=\"section\" data-e-type=\"section\">\n\t\t\t\t\t\t<div class=\"elementor-container elementor-column-gap-default\">\n\t\t\t\t\t<div class=\"elementor-column elementor-col-100 elementor-top-column elementor-element elementor-element-762e30e\" data-id=\"762e30e\" data-element_type=\"column\" data-e-type=\"column\">\n\t\t\t<div class=\"elementor-widget-wrap elementor-element-populated\">\n\t\t\t\t\t\t<div class=\"elementor-element elementor-element-689a822 elementor-widget elementor-widget-heading\" data-id=\"689a822\" data-element_type=\"widget\" data-e-type=\"widget\" data-widget_type=\"heading.default\">\n\t\t\t\t<div class=\"elementor-widget-container\">\n\t\t\t\t\t<h2 class=\"elementor-heading-title elementor-size-default\">Marathon-Lesung des 6. IPCC-Syntheseberichts an der Freien Universit\u00e4t Berlin\u200b<\/h2>\t\t\t\t<\/div>\n\t\t\t\t<\/div>\n\t\t\t\t<div class=\"elementor-element elementor-element-6409ffc elementor-widget elementor-widget-text-editor\" data-id=\"6409ffc\" data-element_type=\"widget\" data-e-type=\"widget\" data-widget_type=\"text-editor.default\">\n\t\t\t\t<div class=\"elementor-widget-container\">\n\t\t\t\t\t\t\t\t\t<p>26-28.11.2024, Freie Universit\u00e4t Berlin<\/p>\t\t\t\t\t\t\t\t<\/div>\n\t\t\t\t<\/div>\n\t\t\t\t<div class=\"elementor-element elementor-element-e38b1c7 elementor-widget elementor-widget-text-editor\" data-id=\"e38b1c7\" data-element_type=\"widget\" data-e-type=\"widget\" data-widget_type=\"text-editor.default\">\n\t\t\t\t<div class=\"elementor-widget-container\">\n\t\t\t\t\t\t\t\t\t<p>Vor 9 Jahren hat sich die globale Gemeinschaft mit dem Pariser Klimaabkommen darauf verst\u00e4ndigt, alles daf\u00fcr zu tun, die globale Erw\u00e4rmung auf 1,5 Grad zu beschr\u00e4nken. Unsere Bundesregierung, die dem Abkommen ebenfalls zugestimmt hat, tut jedoch alles daf\u00fcr, dass wir dieses Ziel meilenweit verfehlen. Zuletzt hat der Expertenrat f\u00fcr Klimafragen in seinem Gutachten der Regierung ein schlechtes Zeugnis ausgestellt. Konkrete Beispiele f\u00fcr verfehlte Klimapolitik gibt es viele: neue LNG-Infrastruktur, fehlende Investitionen in nachhaltige Mobilit\u00e4t, neokoloniale Rohstoffpartnerschaften und Handelsdeals, um hier nur einige zu nennen.<\/p><p>Dabei ist die Politik der Bundesregierung alles andere als alternativlos. Ganz im Gegenteil: Ein ungebremstes Zusteuern auf den Klimakollaps w\u00e4re vermeidbar, w\u00fcrden wir endlich die Realit\u00e4t der Klimakrise anerkennen und dementsprechend handeln. Seit 1988 existiert der Zwischenstaatliche Ausschuss f\u00fcr Klima\u00e4nderungen - besser bekannt unter dem Namen IPCC. Dieser  tr\u00e4gt in seinen Berichten regelm\u00e4\u00dfig und  disziplin\u00fcbergreifend die aktuellen wissenschaftlichen Erkenntnisse zum Klimawandel zusammen und modelliert m\u00f6gliche Transformationspfade. Obwohl 2023 der mittlerweile 6. IPCC-Bericht ver\u00f6ffentlicht wurde und unser Wissen immer weiter angewachsen ist, legt die Bundesregierung weiterhin keine 1,5 Grad kompatiblen Ma\u00dfnahmen vor. Das ist besonders paradox, weil nationale Regierungen indirekt an der Erstellung der Berichte und insbesondere an der Begutachtung der Zusammenfassung f\u00fcr politische Entscheider*innen beteiligt sind. Wie kann es sein, dass die Politik nicht einmal auf die von Ihnen selbst beauftragten Expert*innen h\u00f6rt?<\/p><p>Wir als Scientist Rebellion m\u00f6chten dieser Verdr\u00e4ngung entgegenwirken. Vom 26.-28. November  werden wir  zusammen mit Mitstreiter*innen an der FU Berlin durchgehend aus dem 6. Synthese-Bericht des IPCC vorlesen. Damit m\u00f6chten wir die Dringlichkeit der Lage in den universit\u00e4ren Alltag holen und der Stimme der vielen Wissenschaftler*innen Geh\u00f6r verschaffen. Au\u00dferdem m\u00f6chten wir die gegenw\u00e4rtige Rolle der Wissenschaft und insbesondere das verbreitete Selbstverst\u00e4ndnis als politisch-neutrale Beobachterin kritisch hinterfragen. Wir sind selbst Professor*innen, Post-Docs, Doktorand*innen und Studierende unterschiedlicher Fachrichtungen und wirken auf unsere Weise an der Erschlie\u00dfung neuer Erkenntnisse mit. Wir wissen aber auch, dass Forschung in ihrem Elfenbeinturm  nicht ausreicht, um das Szenario einer sich unkontrolliert erhitzenden Welt abzuwenden. Wir sind \u00fcberzeugt, dass es weiterhin wichtig ist, Politik wissenschaftsbasiert zu beraten und die Erkenntnisse der \u00d6ffentlichkeit zu kommunizieren. Sich der Fakten bewusst zu sein, reicht aber nicht aus. Es braucht zus\u00e4tzlich politischen Druck. Daf\u00fcr muss sich auch die Wissenschaft explizit f\u00fcr den Erhalt unser aller Lebensgrundlagen positionieren, indem sie den Schulterschluss mit Gruppen zivilgesellschaftlicher Bewegungen eingeht.<\/p>\t\t\t\t\t\t\t\t<\/div>\n\t\t\t\t<\/div>\n\t\t\t\t\t<\/div>\n\t\t<\/div>\n\t\t\t\t\t<\/div>\n\t\t<\/section>\n\t\t\t\t<section class=\"elementor-section elementor-top-section elementor-element elementor-element-05b025e elementor-section-boxed elementor-section-height-default elementor-section-height-default\" data-id=\"05b025e\" data-element_type=\"section\" data-e-type=\"section\">\n\t\t\t\t\t\t<div class=\"elementor-container elementor-column-gap-default\">\n\t\t\t\t\t<div class=\"elementor-column elementor-col-100 elementor-top-column elementor-element elementor-element-41757c2\" data-id=\"41757c2\" data-element_type=\"column\" data-e-type=\"column\">\n\t\t\t<div class=\"elementor-widget-wrap elementor-element-populated\">\n\t\t\t\t\t\t<div class=\"elementor-element elementor-element-709b3c6 elementor-widget elementor-widget-spacer\" data-id=\"709b3c6\" data-element_type=\"widget\" data-e-type=\"widget\" data-widget_type=\"spacer.default\">\n\t\t\t\t<div class=\"elementor-widget-container\">\n\t\t\t\t\t\t\t<div class=\"elementor-spacer\">\n\t\t\t<div class=\"elementor-spacer-inner\"><\/div>\n\t\t<\/div>\n\t\t\t\t\t\t<\/div>\n\t\t\t\t<\/div>\n\t\t\t\t<div class=\"elementor-element elementor-element-23e39fe elementor-widget elementor-widget-heading\" data-id=\"23e39fe\" data-element_type=\"widget\" data-e-type=\"widget\" data-widget_type=\"heading.default\">\n\t\t\t\t<div class=\"elementor-widget-container\">\n\t\t\t\t\t<h2 class=\"elementor-heading-title elementor-size-default\">Wann &amp; Wo?<\/h2>\t\t\t\t<\/div>\n\t\t\t\t<\/div>\n\t\t\t\t<div class=\"elementor-element elementor-element-73d056f elementor-widget elementor-widget-text-editor\" data-id=\"73d056f\" data-element_type=\"widget\" data-e-type=\"widget\" data-widget_type=\"text-editor.default\">\n\t\t\t\t<div class=\"elementor-widget-container\">\n\t\t\t\t\t\t\t\t\t<p>Die Lesung ist \u00f6ffentlich und findet am 26., 27., 28. November vom 9:30 bis 16:30 in der <a href=\"https:\/\/www.openstreetmap.org\/relation\/6018664\">Silberlaube (FU, Campus Berlin-Dahlem)<\/a>\u200e\u200e \u200estatt. \n\nEine Voranmeldung ist nicht erforderlich. Es sind alle zum Mitlesen eingeladen!<\/p>\t\t\t\t\t\t\t\t<\/div>\n\t\t\t\t<\/div>\n\t\t\t\t\t<\/div>\n\t\t<\/div>\n\t\t\t\t\t<\/div>\n\t\t<\/section>\n\t\t\t\t<\/div>","protected":false},"excerpt":{"rendered":"<p>1.5 Degrees is Dead! A Marathon Reading of the 6th IPCC Synthesis Report at Freie Universit\u00e4t Berlin 26-28.11.2024, Freie Universit\u00e4t Berlin Nine years ago, the global community agreed under the Paris Climate Agreement to do everything possible to limit global warming to 1.5 degrees. However, our federal government, which also signed the agreement, is doing&hellip; <br \/> <a class=\"read-more\" href=\"https:\/\/scientistrebellion.de\/de\/ipcc-reading-berlin-november-2024\/\">Weiterlesen<\/a><\/p>","protected":false},"author":4,"featured_media":0,"parent":0,"menu_order":0,"comment_status":"closed","ping_status":"closed","template":"","meta":{"footnotes":""},"class_list":["post-752","page","type-page","status-publish","hentry"],"_links":{"self":[{"href":"https:\/\/scientistrebellion.de\/de\/wp-json\/wp\/v2\/pages\/752","targetHints":{"allow":["GET"]}}],"collection":[{"href":"https:\/\/scientistrebellion.de\/de\/wp-json\/wp\/v2\/pages"}],"about":[{"href":"https:\/\/scientistrebellion.de\/de\/wp-json\/wp\/v2\/types\/page"}],"author":[{"embeddable":true,"href":"https:\/\/scientistrebellion.de\/de\/wp-json\/wp\/v2\/users\/4"}],"replies":[{"embeddable":true,"href":"https:\/\/scientistrebellion.de\/de\/wp-json\/wp\/v2\/comments?post=752"}],"version-history":[{"count":15,"href":"https:\/\/scientistrebellion.de\/de\/wp-json\/wp\/v2\/pages\/752\/revisions"}],"predecessor-version":[{"id":3347,"href":"https:\/\/scientistrebellion.de\/de\/wp-json\/wp\/v2\/pages\/752\/revisions\/3347"}],"wp:attachment":[{"href":"https:\/\/scientistrebellion.de\/de\/wp-json\/wp\/v2\/media?parent=752"}],"curies":[{"name":"wp","href":"https:\/\/api.w.org\/{rel}","templated":true}]}}